{"id":8611,"date":"2026-01-30T11:23:44","date_gmt":"2026-01-30T11:23:44","guid":{"rendered":"https:\/\/helendaily.com\/?post_type=product&#038;p=8611"},"modified":"2026-02-05T04:50:56","modified_gmt":"2026-02-05T04:50:56","slug":"tinh-hoa-viet","status":"publish","type":"product","link":"https:\/\/helendaily.com\/en\/shop\/tinh-hoa-viet\/","title":{"rendered":"Vietnamese Essence"},"content":{"rendered":"<p id=\"block-e8lIUjFJQF\" class=\"wp-block-nectar-blocks-text nectar-blocks-text\"><\/p>","protected":false},"excerpt":{"rendered":"<p><span style=\"font-weight: 400;\">As spring arrives, hearts grow joyful \u2014 a time to cherish traditional values and share the most heartfelt blessings. Helen Recipe\u2019s Tinh Hoa Vi\u1ec7t gift box is a refined embodiment of that very spirit. Kho\u00e1c l\u00ean m\u00ecnh s\u1eafc \u0110\u1ecf may m\u1eafn r\u1ef1c r\u1ee1, h\u1ecda ti\u1ebft chim \u00e9n chao l\u01b0\u1ee3n tr\u00ean c\u00e0nh \u0111\u00e0o b\u00e1o hi\u1ec7u m\u1ed9t m\u00f9a Xu\u00e2n vi\u00ean m\u00e3n. M\u00f3n qu\u00e0 n\u00e0y kh\u00f4ng ch\u1ec9 l\u00e0 v\u1eadt ph\u1ea9m, m\u00e0 c\u00f2n l\u00e0 t\u00e2m t\u00ecnh, l\u00e0 l\u1eddi ch\u00fac Th\u1ecbnh V\u01b0\u1ee3ng \u0111\u01b0\u1ee3c g\u1eedi trao m\u1ed9t c\u00e1ch trang tr\u1ecdng v\u00e0 \u00fd ngh\u0129a nh\u1ea5t. <\/span><span style=\"font-weight: 400;\">Kho\u00e1c l\u00ean m\u00ecnh s\u1eafc \u0110\u1ecf may m\u1eafn r\u1ef1c r\u1ee1, h\u1ecda ti\u1ebft chim \u00e9n chao l\u01b0\u1ee3n tr\u00ean c\u00e0nh \u0111\u00e0o b\u00e1o hi\u1ec7u m\u1ed9t m\u00f9a Xu\u00e2n vi\u00ean m\u00e3n. M\u00f3n qu\u00e0 n\u00e0y kh\u00f4ng ch\u1ec9 l\u00e0 v\u1eadt ph\u1ea9m, m\u00e0 c\u00f2n l\u00e0 t\u00e2m t\u00ecnh, l\u00e0 l\u1eddi ch\u00fac Th\u1ecbnh V\u01b0\u1ee3ng \u0111\u01b0\u1ee3c g\u1eedi trao m\u1ed9t c\u00e1ch trang tr\u1ecdng v\u00e0 \u00fd ngh\u0129a nh\u1ea5t.<\/span><\/p>\n<h6 style=\"margin-top: 26px;\">Items Inside<\/h6>\n<p style=\"line-height: 1.3; margin-bottom: 5px;\"><span style=\"font-weight: 400;\">Thai Nguyen Lotus-Scented Tea \u2013 50 g<\/span><\/p>\n<hr style=\"opacity: 0.5;\" \/>\n<p style=\"line-height: 1.3; margin-bottom: 5px;\"><span style=\"font-weight: 400;\">Cracked-Shell Macadamia Nuts \u2013 150g<\/span><\/p>\n<hr style=\"opacity: 0.5;\" \/>\n<p style=\"line-height: 1.3; margin-bottom: 5px;\"><span style=\"font-weight: 400;\">Fresh Potato Crackers \u2013 250g<\/span><\/p>\n<hr style=\"opacity: 0.5;\" \/>\n<p style=\"line-height: 1.3; margin-bottom: 5px;\"><span style=\"font-weight: 400;\">Fruit Gummies \u2013 250g<\/span><\/p>\n<hr style=\"opacity: 0.5;\" \/>\n<p style=\"line-height: 1.3; margin-bottom: 5px;\"><span style=\"font-weight: 400;\">Dried Raisins \u2013 200g<\/span><\/p>\n<hr style=\"opacity: 1;\" \/>","protected":false},"featured_media":8626,"template":"","meta":{"_nectar_blocks_hide_post_title":false,"_nectar_blocks_transparent_header_effect":false,"_nectar_blocks_transparent_header_effect_color":"light","_nectar_blocks_header_animation":false,"_nectar_blocks_header_animation_delay":0,"_nectar_blocks_header_animation_effect":"fade","_nectar_blocks_page_css":"","_nectar_blocks_page_js":""},"product_brand":[],"product_cat":[42],"product_tag":[],"class_list":{"0":"post-8611","1":"product","2":"type-product","3":"status-publish","4":"has-post-thumbnail","6":"product_cat-set-qua-tang","8":"first","9":"instock","10":"shipping-taxable","11":"purchasable","12":"product-type-simple"},"yoast_head":"<!-- This site is optimized with the Yoast SEO plugin v26.9 - https:\/\/yoast.com\/product\/yoast-seo-wordpress\/ -->\n<title>Tinh Hoa Vi\u1ec7t | Helen Daily<\/title>\n<meta name=\"description\" content=\"H\u1ed9p qu\u00e0 Tinh Hoa Vi\u1ec7t c\u1ee7a Helen Recipe ch\u00ednh l\u00e0 s\u1ef1 g\u00f3i gh\u00e9m tinh t\u1ebf \u1ea5y. Kho\u00e1c l\u00ean m\u00ecnh s\u1eafc \u0110\u1ecf may m\u1eafn r\u1ef1c r\u1ee1, h\u1ecda ti\u1ebft chim \u00e9n b\u00e1o hi\u1ec7u m\u1ed9t m\u00f9a Xu\u00e2n vi\u00ean m\u00e3n.\" \/>\n<meta name=\"robots\" content=\"index, follow, max-snippet:-1, max-image-preview:large, max-video-preview:-1\" \/>\n<link rel=\"canonical\" href=\"https:\/\/helendaily.com\/en\/shop\/tinh-hoa-viet\/\" \/>\n<meta property=\"og:locale\" content=\"en_US\" \/>\n<meta property=\"og:type\" content=\"article\" \/>\n<meta property=\"og:title\" content=\"Tinh Hoa Vi\u1ec7t | Helen Daily\" \/>\n<meta property=\"og:description\" content=\"H\u1ed9p qu\u00e0 Tinh Hoa Vi\u1ec7t c\u1ee7a Helen Recipe ch\u00ednh l\u00e0 s\u1ef1 g\u00f3i gh\u00e9m tinh t\u1ebf \u1ea5y. Kho\u00e1c l\u00ean m\u00ecnh s\u1eafc \u0110\u1ecf may m\u1eafn r\u1ef1c r\u1ee1, h\u1ecda ti\u1ebft chim \u00e9n b\u00e1o hi\u1ec7u m\u1ed9t m\u00f9a Xu\u00e2n vi\u00ean m\u00e3n.\" \/>\n<meta property=\"og:url\" content=\"https:\/\/helendaily.com\/en\/shop\/tinh-hoa-viet\/\" \/>\n<meta property=\"og:site_name\" content=\"Helen Daily\" \/>\n<meta property=\"article:publisher\" content=\"https:\/\/www.facebook.com\/helenrecipe.vn\" \/>\n<meta property=\"article:modified_time\" content=\"2026-02-05T04:50:56+00:00\" \/>\n<meta property=\"og:image\" content=\"https:\/\/helendaily.com\/wp-content\/uploads\/2026\/01\/compressed_3-16.webp\" \/>\n\t<meta property=\"og:image:width\" content=\"812\" \/>\n\t<meta property=\"og:image:height\" content=\"1080\" \/>\n\t<meta property=\"og:image:type\" content=\"image\/webp\" \/>\n<meta name=\"twitter:card\" content=\"summary_large_image\" \/>\n<meta name=\"twitter:label1\" content=\"Est. reading time\" \/>\n\t<meta name=\"twitter:data1\" content=\"1 minute\" \/>\n<script type=\"application\/ld+json\" class=\"yoast-schema-graph\">{\"@context\":\"https:\/\/schema.org\",\"@graph\":[{\"@type\":\"WebPage\",\"@id\":\"https:\/\/helendaily.com\/shop\/tinh-hoa-viet\/\",\"url\":\"https:\/\/helendaily.com\/shop\/tinh-hoa-viet\/\",\"name\":\"Tinh Hoa Vi\u1ec7t | Helen Daily\",\"isPartOf\":{\"@id\":\"https:\/\/helendaily.com\/#website\"},\"primaryImageOfPage\":{\"@id\":\"https:\/\/helendaily.com\/shop\/tinh-hoa-viet\/#primaryimage\"},\"image\":{\"@id\":\"https:\/\/helendaily.com\/shop\/tinh-hoa-viet\/#primaryimage\"},\"thumbnailUrl\":\"https:\/\/helendaily.com\/wp-content\/uploads\/2026\/01\/compressed_3-16.webp\",\"datePublished\":\"2026-01-30T11:23:44+00:00\",\"dateModified\":\"2026-02-05T04:50:56+00:00\",\"description\":\"H\u1ed9p qu\u00e0 Tinh Hoa Vi\u1ec7t c\u1ee7a Helen Recipe ch\u00ednh l\u00e0 s\u1ef1 g\u00f3i gh\u00e9m tinh t\u1ebf \u1ea5y. Kho\u00e1c l\u00ean m\u00ecnh s\u1eafc \u0110\u1ecf may m\u1eafn r\u1ef1c r\u1ee1, h\u1ecda ti\u1ebft chim \u00e9n b\u00e1o hi\u1ec7u m\u1ed9t m\u00f9a Xu\u00e2n vi\u00ean m\u00e3n.\",\"breadcrumb\":{\"@id\":\"https:\/\/helendaily.com\/shop\/tinh-hoa-viet\/#breadcrumb\"},\"inLanguage\":\"en-US\",\"potentialAction\":[{\"@type\":\"ReadAction\",\"target\":[\"https:\/\/helendaily.com\/shop\/tinh-hoa-viet\/\"]}]},{\"@type\":\"ImageObject\",\"inLanguage\":\"en-US\",\"@id\":\"https:\/\/helendaily.com\/shop\/tinh-hoa-viet\/#primaryimage\",\"url\":\"https:\/\/helendaily.com\/wp-content\/uploads\/2026\/01\/compressed_3-16.webp\",\"contentUrl\":\"https:\/\/helendaily.com\/wp-content\/uploads\/2026\/01\/compressed_3-16.webp\",\"width\":812,\"height\":1080},{\"@type\":\"BreadcrumbList\",\"@id\":\"https:\/\/helendaily.com\/shop\/tinh-hoa-viet\/#breadcrumb\",\"itemListElement\":[{\"@type\":\"ListItem\",\"position\":1,\"name\":\"Home\",\"item\":\"https:\/\/helendaily.com\/\"},{\"@type\":\"ListItem\",\"position\":2,\"name\":\"S\u1ea3n ph\u1ea9m\",\"item\":\"https:\/\/helendaily.com\/shop\/\"},{\"@type\":\"ListItem\",\"position\":3,\"name\":\"Tinh Hoa Vi\u1ec7t\"}]},{\"@type\":\"WebSite\",\"@id\":\"https:\/\/helendaily.com\/#website\",\"url\":\"https:\/\/helendaily.com\/\",\"name\":\"Helen Daily\",\"description\":\"\",\"potentialAction\":[{\"@type\":\"SearchAction\",\"target\":{\"@type\":\"EntryPoint\",\"urlTemplate\":\"https:\/\/helendaily.com\/?s={search_term_string}\"},\"query-input\":{\"@type\":\"PropertyValueSpecification\",\"valueRequired\":true,\"valueName\":\"search_term_string\"}}],\"inLanguage\":\"en-US\"}]}<\/script>\n<!-- \/ Yoast SEO plugin. -->","yoast_head_json":{"title":"Tinh Hoa Vi\u1ec7t | Helen Daily","description":"H\u1ed9p qu\u00e0 Tinh Hoa Vi\u1ec7t c\u1ee7a Helen Recipe ch\u00ednh l\u00e0 s\u1ef1 g\u00f3i gh\u00e9m tinh t\u1ebf \u1ea5y. Kho\u00e1c l\u00ean m\u00ecnh s\u1eafc \u0110\u1ecf may m\u1eafn r\u1ef1c r\u1ee1, h\u1ecda ti\u1ebft chim \u00e9n b\u00e1o hi\u1ec7u m\u1ed9t m\u00f9a Xu\u00e2n vi\u00ean m\u00e3n.","robots":{"index":"index","follow":"follow","max-snippet":"max-snippet:-1","max-image-preview":"max-image-preview:large","max-video-preview":"max-video-preview:-1"},"canonical":"https:\/\/helendaily.com\/en\/shop\/tinh-hoa-viet\/","og_locale":"en_US","og_type":"article","og_title":"Tinh Hoa Vi\u1ec7t | Helen Daily","og_description":"H\u1ed9p qu\u00e0 Tinh Hoa Vi\u1ec7t c\u1ee7a Helen Recipe ch\u00ednh l\u00e0 s\u1ef1 g\u00f3i gh\u00e9m tinh t\u1ebf \u1ea5y. Kho\u00e1c l\u00ean m\u00ecnh s\u1eafc \u0110\u1ecf may m\u1eafn r\u1ef1c r\u1ee1, h\u1ecda ti\u1ebft chim \u00e9n b\u00e1o hi\u1ec7u m\u1ed9t m\u00f9a Xu\u00e2n vi\u00ean m\u00e3n.","og_url":"https:\/\/helendaily.com\/en\/shop\/tinh-hoa-viet\/","og_site_name":"Helen Daily","article_publisher":"https:\/\/www.facebook.com\/helenrecipe.vn","article_modified_time":"2026-02-05T04:50:56+00:00","og_image":[{"width":812,"height":1080,"url":"https:\/\/helendaily.com\/wp-content\/uploads\/2026\/01\/compressed_3-16.webp","type":"image\/webp"}],"twitter_card":"summary_large_image","twitter_misc":{"Est. reading time":"1 minute"},"schema":{"@context":"https:\/\/schema.org","@graph":[{"@type":"WebPage","@id":"https:\/\/helendaily.com\/shop\/tinh-hoa-viet\/","url":"https:\/\/helendaily.com\/shop\/tinh-hoa-viet\/","name":"Tinh Hoa Vi\u1ec7t | Helen Daily","isPartOf":{"@id":"https:\/\/helendaily.com\/#website"},"primaryImageOfPage":{"@id":"https:\/\/helendaily.com\/shop\/tinh-hoa-viet\/#primaryimage"},"image":{"@id":"https:\/\/helendaily.com\/shop\/tinh-hoa-viet\/#primaryimage"},"thumbnailUrl":"https:\/\/helendaily.com\/wp-content\/uploads\/2026\/01\/compressed_3-16.webp","datePublished":"2026-01-30T11:23:44+00:00","dateModified":"2026-02-05T04:50:56+00:00","description":"H\u1ed9p qu\u00e0 Tinh Hoa Vi\u1ec7t c\u1ee7a Helen Recipe ch\u00ednh l\u00e0 s\u1ef1 g\u00f3i gh\u00e9m tinh t\u1ebf \u1ea5y. Kho\u00e1c l\u00ean m\u00ecnh s\u1eafc \u0110\u1ecf may m\u1eafn r\u1ef1c r\u1ee1, h\u1ecda ti\u1ebft chim \u00e9n b\u00e1o hi\u1ec7u m\u1ed9t m\u00f9a Xu\u00e2n vi\u00ean m\u00e3n.","breadcrumb":{"@id":"https:\/\/helendaily.com\/shop\/tinh-hoa-viet\/#breadcrumb"},"inLanguage":"en-US","potentialAction":[{"@type":"ReadAction","target":["https:\/\/helendaily.com\/shop\/tinh-hoa-viet\/"]}]},{"@type":"ImageObject","inLanguage":"en-US","@id":"https:\/\/helendaily.com\/shop\/tinh-hoa-viet\/#primaryimage","url":"https:\/\/helendaily.com\/wp-content\/uploads\/2026\/01\/compressed_3-16.webp","contentUrl":"https:\/\/helendaily.com\/wp-content\/uploads\/2026\/01\/compressed_3-16.webp","width":812,"height":1080},{"@type":"BreadcrumbList","@id":"https:\/\/helendaily.com\/shop\/tinh-hoa-viet\/#breadcrumb","itemListElement":[{"@type":"ListItem","position":1,"name":"Home","item":"https:\/\/helendaily.com\/"},{"@type":"ListItem","position":2,"name":"S\u1ea3n ph\u1ea9m","item":"https:\/\/helendaily.com\/shop\/"},{"@type":"ListItem","position":3,"name":"Tinh Hoa Vi\u1ec7t"}]},{"@type":"WebSite","@id":"https:\/\/helendaily.com\/#website","url":"https:\/\/helendaily.com\/","name":"Helen Daily","description":"","potentialAction":[{"@type":"SearchAction","target":{"@type":"EntryPoint","urlTemplate":"https:\/\/helendaily.com\/?s={search_term_string}"},"query-input":{"@type":"PropertyValueSpecification","valueRequired":true,"valueName":"search_term_string"}}],"inLanguage":"en-US"}]}},"_links":{"self":[{"href":"https:\/\/helendaily.com\/en\/wp-json\/wp\/v2\/product\/8611","targetHints":{"allow":["GET"]}}],"collection":[{"href":"https:\/\/helendaily.com\/en\/wp-json\/wp\/v2\/product"}],"about":[{"href":"https:\/\/helendaily.com\/en\/wp-json\/wp\/v2\/types\/product"}],"wp:featuredmedia":[{"embeddable":true,"href":"https:\/\/helendaily.com\/en\/wp-json\/wp\/v2\/media\/8626"}],"wp:attachment":[{"href":"https:\/\/helendaily.com\/en\/wp-json\/wp\/v2\/media?parent=8611"}],"wp:term":[{"taxonomy":"product_brand","embeddable":true,"href":"https:\/\/helendaily.com\/en\/wp-json\/wp\/v2\/product_brand?post=8611"},{"taxonomy":"product_cat","embeddable":true,"href":"https:\/\/helendaily.com\/en\/wp-json\/wp\/v2\/product_cat?post=8611"},{"taxonomy":"product_tag","embeddable":true,"href":"https:\/\/helendaily.com\/en\/wp-json\/wp\/v2\/product_tag?post=8611"}],"curies":[{"name":"wp","href":"https:\/\/api.w.org\/{rel}","templated":true}]}}