{"id":8614,"date":"2026-01-30T11:23:44","date_gmt":"2026-01-30T11:23:44","guid":{"rendered":"https:\/\/helendaily.com\/?post_type=product&#038;p=8614"},"modified":"2026-02-05T04:41:43","modified_gmt":"2026-02-05T04:41:43","slug":"xuan-an-khang-2","status":"publish","type":"product","link":"https:\/\/helendaily.com\/en\/shop\/xuan-an-khang-2\/","title":{"rendered":"Spring of Well-Being 2"},"content":{"rendered":"","protected":false},"excerpt":{"rendered":"<p><span style=\"font-weight: 400;\">Amid the vibrant colors of T\u1ebft, Helen Recipe\u2019s Xu\u00e2n Th\u1ecbnh V\u01b0\u1ee3ng gift box stands out like a precious gem. Draped in elegant jade green and adorned with graceful peach and plum blossom motifs, the box becomes a statement of refinement, sophistication, and prestige \u2014 a true reflection of the giver\u2019s discerning taste.<\/span><\/p>\n<p><span style=\"font-weight: 400;\">This gift box is the most distinctive and refined choice for conveying wishes of prosperity and abundance \u2014 a New Year filled with fulfillment and success \u2014 to valued partners, cherished clients, or your most beloved ones. It carries with it sincere appreciation and a confident belief in a bright, promising future.<\/span><\/p>\n<h6 style=\"margin-top: 26px;\">Items Inside<\/h6>\n<p style=\"line-height: 1.3; margin-bottom: 5px;\"><span style=\"font-weight: 400;\">Dried Longan &amp; Lotus Seeds \u2013 200g<\/span><\/p>\n<hr style=\"opacity: 0.5;\" \/>\n<p style=\"line-height: 1.3; margin-bottom: 5px;\"><span style=\"font-weight: 400;\">Roasted Honey Ginger \u2013 150g<\/span><\/p>\n<hr style=\"opacity: 0.5;\" \/>\n<p style=\"line-height: 1.3; margin-bottom: 5px;\"><span style=\"font-weight: 400;\">Salted Roasted Cashews \u2013 200g<\/span><\/p>\n<hr style=\"opacity: 0.5;\" \/>\n<p style=\"line-height: 1.3; margin-bottom: 5px;\"><span style=\"font-weight: 400;\">Y\u00ean T\u1eed Plum Wine \u201cL\u1ed9c Xu\u00e2n\u201d \u2013 750 ml<\/span><\/p>","protected":false},"featured_media":8638,"template":"","meta":{"_nectar_blocks_hide_post_title":false,"_nectar_blocks_transparent_header_effect":false,"_nectar_blocks_transparent_header_effect_color":"light","_nectar_blocks_header_animation":false,"_nectar_blocks_header_animation_delay":0,"_nectar_blocks_header_animation_effect":"fade","_nectar_blocks_page_css":"","_nectar_blocks_page_js":""},"product_brand":[],"product_cat":[42],"product_tag":[],"class_list":{"0":"post-8614","1":"product","2":"type-product","3":"status-publish","4":"has-post-thumbnail","6":"product_cat-set-qua-tang","8":"first","9":"instock","10":"shipping-taxable","11":"purchasable","12":"product-type-simple"},"yoast_head":"<!-- This site is optimized with the Yoast SEO plugin v26.9 - https:\/\/yoast.com\/product\/yoast-seo-wordpress\/ -->\n<title>Xu\u00e2n An Khang 2 | Helen Daily<\/title>\n<meta name=\"description\" content=\"M\u00f3n qu\u00e0 \u0111\u1ed9c \u0111\u00e1o \u0111\u1ec3 trao g\u1eedi l\u1eddi ch\u00fac Ph\u00e1t T\u00e0i, Ph\u00e1t L\u1ed9c, m\u1ed9t n\u0103m m\u1edbi sung t\u00fac, \u0111\u1ee7 \u0111\u1ea7y \u0111\u1ebfn nh\u1eefng \u0111\u1ed1i t\u00e1c, kh\u00e1ch h\u00e0ng quan tr\u1ecdng hay ng\u01b0\u1eddi th\u00e2n y\u00eau nh\u1ea5t.\" \/>\n<meta name=\"robots\" content=\"index, follow, max-snippet:-1, max-image-preview:large, max-video-preview:-1\" \/>\n<link rel=\"canonical\" href=\"https:\/\/helendaily.com\/en\/shop\/xuan-an-khang-2\/\" \/>\n<meta property=\"og:locale\" content=\"en_US\" \/>\n<meta property=\"og:type\" content=\"article\" \/>\n<meta property=\"og:title\" content=\"Xu\u00e2n An Khang 2 | Helen Daily\" \/>\n<meta property=\"og:description\" content=\"M\u00f3n qu\u00e0 \u0111\u1ed9c \u0111\u00e1o \u0111\u1ec3 trao g\u1eedi l\u1eddi ch\u00fac Ph\u00e1t T\u00e0i, Ph\u00e1t L\u1ed9c, m\u1ed9t n\u0103m m\u1edbi sung t\u00fac, \u0111\u1ee7 \u0111\u1ea7y \u0111\u1ebfn nh\u1eefng \u0111\u1ed1i t\u00e1c, kh\u00e1ch h\u00e0ng quan tr\u1ecdng hay ng\u01b0\u1eddi th\u00e2n y\u00eau nh\u1ea5t.\" \/>\n<meta property=\"og:url\" content=\"https:\/\/helendaily.com\/en\/shop\/xuan-an-khang-2\/\" \/>\n<meta property=\"og:site_name\" content=\"Helen Daily\" \/>\n<meta property=\"article:publisher\" content=\"https:\/\/www.facebook.com\/helenrecipe.vn\" \/>\n<meta property=\"article:modified_time\" content=\"2026-02-05T04:41:43+00:00\" \/>\n<meta property=\"og:image\" content=\"https:\/\/helendaily.com\/wp-content\/uploads\/2026\/01\/compressed_Untitled-design-2025-12-13T103140.webp\" \/>\n\t<meta property=\"og:image:width\" content=\"1015\" \/>\n\t<meta property=\"og:image:height\" content=\"1350\" \/>\n\t<meta property=\"og:image:type\" content=\"image\/webp\" \/>\n<meta name=\"twitter:card\" content=\"summary_large_image\" \/>\n<meta name=\"twitter:label1\" content=\"Est. reading time\" \/>\n\t<meta name=\"twitter:data1\" content=\"1 minute\" \/>\n<script type=\"application\/ld+json\" class=\"yoast-schema-graph\">{\"@context\":\"https:\/\/schema.org\",\"@graph\":[{\"@type\":\"WebPage\",\"@id\":\"https:\/\/helendaily.com\/shop\/xuan-an-khang-2\/\",\"url\":\"https:\/\/helendaily.com\/shop\/xuan-an-khang-2\/\",\"name\":\"Xu\u00e2n An Khang 2 | Helen Daily\",\"isPartOf\":{\"@id\":\"https:\/\/helendaily.com\/#website\"},\"primaryImageOfPage\":{\"@id\":\"https:\/\/helendaily.com\/shop\/xuan-an-khang-2\/#primaryimage\"},\"image\":{\"@id\":\"https:\/\/helendaily.com\/shop\/xuan-an-khang-2\/#primaryimage\"},\"thumbnailUrl\":\"https:\/\/helendaily.com\/wp-content\/uploads\/2026\/01\/compressed_Untitled-design-2025-12-13T103140.webp\",\"datePublished\":\"2026-01-30T11:23:44+00:00\",\"dateModified\":\"2026-02-05T04:41:43+00:00\",\"description\":\"M\u00f3n qu\u00e0 \u0111\u1ed9c \u0111\u00e1o \u0111\u1ec3 trao g\u1eedi l\u1eddi ch\u00fac Ph\u00e1t T\u00e0i, Ph\u00e1t L\u1ed9c, m\u1ed9t n\u0103m m\u1edbi sung t\u00fac, \u0111\u1ee7 \u0111\u1ea7y \u0111\u1ebfn nh\u1eefng \u0111\u1ed1i t\u00e1c, kh\u00e1ch h\u00e0ng quan tr\u1ecdng hay ng\u01b0\u1eddi th\u00e2n y\u00eau nh\u1ea5t.\",\"breadcrumb\":{\"@id\":\"https:\/\/helendaily.com\/shop\/xuan-an-khang-2\/#breadcrumb\"},\"inLanguage\":\"en-US\",\"potentialAction\":[{\"@type\":\"ReadAction\",\"target\":[\"https:\/\/helendaily.com\/shop\/xuan-an-khang-2\/\"]}]},{\"@type\":\"ImageObject\",\"inLanguage\":\"en-US\",\"@id\":\"https:\/\/helendaily.com\/shop\/xuan-an-khang-2\/#primaryimage\",\"url\":\"https:\/\/helendaily.com\/wp-content\/uploads\/2026\/01\/compressed_Untitled-design-2025-12-13T103140.webp\",\"contentUrl\":\"https:\/\/helendaily.com\/wp-content\/uploads\/2026\/01\/compressed_Untitled-design-2025-12-13T103140.webp\",\"width\":1015,\"height\":1350},{\"@type\":\"BreadcrumbList\",\"@id\":\"https:\/\/helendaily.com\/shop\/xuan-an-khang-2\/#breadcrumb\",\"itemListElement\":[{\"@type\":\"ListItem\",\"position\":1,\"name\":\"Home\",\"item\":\"https:\/\/helendaily.com\/\"},{\"@type\":\"ListItem\",\"position\":2,\"name\":\"S\u1ea3n ph\u1ea9m\",\"item\":\"https:\/\/helendaily.com\/shop\/\"},{\"@type\":\"ListItem\",\"position\":3,\"name\":\"Xu\u00e2n An Khang 2\"}]},{\"@type\":\"WebSite\",\"@id\":\"https:\/\/helendaily.com\/#website\",\"url\":\"https:\/\/helendaily.com\/\",\"name\":\"Helen Daily\",\"description\":\"\",\"potentialAction\":[{\"@type\":\"SearchAction\",\"target\":{\"@type\":\"EntryPoint\",\"urlTemplate\":\"https:\/\/helendaily.com\/?s={search_term_string}\"},\"query-input\":{\"@type\":\"PropertyValueSpecification\",\"valueRequired\":true,\"valueName\":\"search_term_string\"}}],\"inLanguage\":\"en-US\"}]}<\/script>\n<!-- \/ Yoast SEO plugin. -->","yoast_head_json":{"title":"Xu\u00e2n An Khang 2 | Helen Daily","description":"M\u00f3n qu\u00e0 \u0111\u1ed9c \u0111\u00e1o \u0111\u1ec3 trao g\u1eedi l\u1eddi ch\u00fac Ph\u00e1t T\u00e0i, Ph\u00e1t L\u1ed9c, m\u1ed9t n\u0103m m\u1edbi sung t\u00fac, \u0111\u1ee7 \u0111\u1ea7y \u0111\u1ebfn nh\u1eefng \u0111\u1ed1i t\u00e1c, kh\u00e1ch h\u00e0ng quan tr\u1ecdng hay ng\u01b0\u1eddi th\u00e2n y\u00eau nh\u1ea5t.","robots":{"index":"index","follow":"follow","max-snippet":"max-snippet:-1","max-image-preview":"max-image-preview:large","max-video-preview":"max-video-preview:-1"},"canonical":"https:\/\/helendaily.com\/en\/shop\/xuan-an-khang-2\/","og_locale":"en_US","og_type":"article","og_title":"Xu\u00e2n An Khang 2 | Helen Daily","og_description":"M\u00f3n qu\u00e0 \u0111\u1ed9c \u0111\u00e1o \u0111\u1ec3 trao g\u1eedi l\u1eddi ch\u00fac Ph\u00e1t T\u00e0i, Ph\u00e1t L\u1ed9c, m\u1ed9t n\u0103m m\u1edbi sung t\u00fac, \u0111\u1ee7 \u0111\u1ea7y \u0111\u1ebfn nh\u1eefng \u0111\u1ed1i t\u00e1c, kh\u00e1ch h\u00e0ng quan tr\u1ecdng hay ng\u01b0\u1eddi th\u00e2n y\u00eau nh\u1ea5t.","og_url":"https:\/\/helendaily.com\/en\/shop\/xuan-an-khang-2\/","og_site_name":"Helen Daily","article_publisher":"https:\/\/www.facebook.com\/helenrecipe.vn","article_modified_time":"2026-02-05T04:41:43+00:00","og_image":[{"width":1015,"height":1350,"url":"https:\/\/helendaily.com\/wp-content\/uploads\/2026\/01\/compressed_Untitled-design-2025-12-13T103140.webp","type":"image\/webp"}],"twitter_card":"summary_large_image","twitter_misc":{"Est. reading time":"1 minute"},"schema":{"@context":"https:\/\/schema.org","@graph":[{"@type":"WebPage","@id":"https:\/\/helendaily.com\/shop\/xuan-an-khang-2\/","url":"https:\/\/helendaily.com\/shop\/xuan-an-khang-2\/","name":"Xu\u00e2n An Khang 2 | Helen Daily","isPartOf":{"@id":"https:\/\/helendaily.com\/#website"},"primaryImageOfPage":{"@id":"https:\/\/helendaily.com\/shop\/xuan-an-khang-2\/#primaryimage"},"image":{"@id":"https:\/\/helendaily.com\/shop\/xuan-an-khang-2\/#primaryimage"},"thumbnailUrl":"https:\/\/helendaily.com\/wp-content\/uploads\/2026\/01\/compressed_Untitled-design-2025-12-13T103140.webp","datePublished":"2026-01-30T11:23:44+00:00","dateModified":"2026-02-05T04:41:43+00:00","description":"M\u00f3n qu\u00e0 \u0111\u1ed9c \u0111\u00e1o \u0111\u1ec3 trao g\u1eedi l\u1eddi ch\u00fac Ph\u00e1t T\u00e0i, Ph\u00e1t L\u1ed9c, m\u1ed9t n\u0103m m\u1edbi sung t\u00fac, \u0111\u1ee7 \u0111\u1ea7y \u0111\u1ebfn nh\u1eefng \u0111\u1ed1i t\u00e1c, kh\u00e1ch h\u00e0ng quan tr\u1ecdng hay ng\u01b0\u1eddi th\u00e2n y\u00eau nh\u1ea5t.","breadcrumb":{"@id":"https:\/\/helendaily.com\/shop\/xuan-an-khang-2\/#breadcrumb"},"inLanguage":"en-US","potentialAction":[{"@type":"ReadAction","target":["https:\/\/helendaily.com\/shop\/xuan-an-khang-2\/"]}]},{"@type":"ImageObject","inLanguage":"en-US","@id":"https:\/\/helendaily.com\/shop\/xuan-an-khang-2\/#primaryimage","url":"https:\/\/helendaily.com\/wp-content\/uploads\/2026\/01\/compressed_Untitled-design-2025-12-13T103140.webp","contentUrl":"https:\/\/helendaily.com\/wp-content\/uploads\/2026\/01\/compressed_Untitled-design-2025-12-13T103140.webp","width":1015,"height":1350},{"@type":"BreadcrumbList","@id":"https:\/\/helendaily.com\/shop\/xuan-an-khang-2\/#breadcrumb","itemListElement":[{"@type":"ListItem","position":1,"name":"Home","item":"https:\/\/helendaily.com\/"},{"@type":"ListItem","position":2,"name":"S\u1ea3n ph\u1ea9m","item":"https:\/\/helendaily.com\/shop\/"},{"@type":"ListItem","position":3,"name":"Xu\u00e2n An Khang 2"}]},{"@type":"WebSite","@id":"https:\/\/helendaily.com\/#website","url":"https:\/\/helendaily.com\/","name":"Helen Daily","description":"","potentialAction":[{"@type":"SearchAction","target":{"@type":"EntryPoint","urlTemplate":"https:\/\/helendaily.com\/?s={search_term_string}"},"query-input":{"@type":"PropertyValueSpecification","valueRequired":true,"valueName":"search_term_string"}}],"inLanguage":"en-US"}]}},"_links":{"self":[{"href":"https:\/\/helendaily.com\/en\/wp-json\/wp\/v2\/product\/8614","targetHints":{"allow":["GET"]}}],"collection":[{"href":"https:\/\/helendaily.com\/en\/wp-json\/wp\/v2\/product"}],"about":[{"href":"https:\/\/helendaily.com\/en\/wp-json\/wp\/v2\/types\/product"}],"wp:featuredmedia":[{"embeddable":true,"href":"https:\/\/helendaily.com\/en\/wp-json\/wp\/v2\/media\/8638"}],"wp:attachment":[{"href":"https:\/\/helendaily.com\/en\/wp-json\/wp\/v2\/media?parent=8614"}],"wp:term":[{"taxonomy":"product_brand","embeddable":true,"href":"https:\/\/helendaily.com\/en\/wp-json\/wp\/v2\/product_brand?post=8614"},{"taxonomy":"product_cat","embeddable":true,"href":"https:\/\/helendaily.com\/en\/wp-json\/wp\/v2\/product_cat?post=8614"},{"taxonomy":"product_tag","embeddable":true,"href":"https:\/\/helendaily.com\/en\/wp-json\/wp\/v2\/product_tag?post=8614"}],"curies":[{"name":"wp","href":"https:\/\/api.w.org\/{rel}","templated":true}]}}