{"id":8615,"date":"2026-01-30T11:23:44","date_gmt":"2026-01-30T11:23:44","guid":{"rendered":"https:\/\/helendaily.com\/?post_type=product&#038;p=8615"},"modified":"2026-02-05T04:38:48","modified_gmt":"2026-02-05T04:38:48","slug":"tu-quy-binh-an","status":"publish","type":"product","link":"https:\/\/helendaily.com\/en\/shop\/tu-quy-binh-an\/","title":{"rendered":"Peace and Harmony"},"content":{"rendered":"","protected":false},"excerpt":{"rendered":"<p><span style=\"font-weight: 400;\">Dressed in deep, mysterious navy blue and adorned with delicately gold-foiled plum and peach blossom motifs, the box evokes a spring night sky filled with hope. It is a gift that embodies wishes of peace, smooth endeavors, and complete blessings throughout all four seasons.<\/span><\/p>\n<h6 style=\"margin-top: 26px;\">Items Inside<\/h6>\n<p style=\"line-height: 1.3; margin-bottom: 5px;\"><span style=\"font-weight: 400;\">Dried Longan &amp; Lotus Seeds \u2013 200g<\/span><\/p>\n<hr style=\"opacity: 0.5;\" \/>\n<p style=\"line-height: 1.3; margin-bottom: 5px;\"><span style=\"font-weight: 400;\">Honey Ginger \u2013 Coated Cashews \u2013 200g<\/span><\/p>\n<hr style=\"opacity: 0.5;\" \/>\n<p style=\"line-height: 1.3; margin-bottom: 5px;\"><span style=\"font-weight: 400;\">Soft Dried Mango \u2013 200g<\/span><\/p>\n<hr style=\"opacity: 0.5;\" \/>\n<p style=\"line-height: 1.3; margin-bottom: 5px;\"><span style=\"font-weight: 400;\">Thai Nguyen Lotus-Scented Tea \u2013 100g<\/span><\/p>\n<hr style=\"opacity: 0.5;\" \/>\n<p style=\"line-height: 1.3; margin-bottom: 5px;\"><span style=\"font-weight: 400;\">Vacuum-Dried Shiitake Mushrooms \u2013 100g<\/span><\/p>\n<hr style=\"opacity: 0.5;\" \/>\n<p style=\"line-height: 1.3; margin-bottom: 5px;\"><span style=\"font-weight: 400;\">Southern Deer Collection Cabernet Sauvignon Wine \u2013 750 ml<\/span><\/p>","protected":false},"featured_media":8646,"template":"","meta":{"_nectar_blocks_hide_post_title":false,"_nectar_blocks_transparent_header_effect":false,"_nectar_blocks_transparent_header_effect_color":"light","_nectar_blocks_header_animation":false,"_nectar_blocks_header_animation_delay":0,"_nectar_blocks_header_animation_effect":"fade","_nectar_blocks_page_css":"","_nectar_blocks_page_js":""},"product_brand":[],"product_cat":[42],"product_tag":[],"class_list":{"0":"post-8615","1":"product","2":"type-product","3":"status-publish","4":"has-post-thumbnail","6":"product_cat-set-qua-tang","8":"first","9":"instock","10":"shipping-taxable","11":"purchasable","12":"product-type-simple"},"yoast_head":"<!-- This site is optimized with the Yoast SEO plugin v26.9 - https:\/\/yoast.com\/product\/yoast-seo-wordpress\/ -->\n<title>T\u1ee9 Qu\u00fd B\u00ecnh An | Helen Daily<\/title>\n<meta name=\"description\" content=\"Kho\u00e1c l\u00ean m\u00ecnh s\u1eafc Xanh Navy th\u00e2m tr\u1ea7m, huy\u1ec1n b\u00ed, c\u00f9ng h\u1ecda ti\u1ebft Hoa M\u01a1, Hoa \u0110\u00e0o m\u1ea1 v\u00e0ng tinh x\u1ea3o, chi\u1ebfc h\u1ed9p t\u1ef1a nh\u01b0 b\u1ea7u tr\u1eddi \u0111\u00eam Xu\u00e2n \u0111ong \u0111\u1ea7y hy v\u1ecdng.\" \/>\n<meta name=\"robots\" content=\"index, follow, max-snippet:-1, max-image-preview:large, max-video-preview:-1\" \/>\n<link rel=\"canonical\" href=\"https:\/\/helendaily.com\/en\/shop\/tu-quy-binh-an\/\" \/>\n<meta property=\"og:locale\" content=\"en_US\" \/>\n<meta property=\"og:type\" content=\"article\" \/>\n<meta property=\"og:title\" content=\"T\u1ee9 Qu\u00fd B\u00ecnh An | Helen Daily\" \/>\n<meta property=\"og:description\" content=\"Kho\u00e1c l\u00ean m\u00ecnh s\u1eafc Xanh Navy th\u00e2m tr\u1ea7m, huy\u1ec1n b\u00ed, c\u00f9ng h\u1ecda ti\u1ebft Hoa M\u01a1, Hoa \u0110\u00e0o m\u1ea1 v\u00e0ng tinh x\u1ea3o, chi\u1ebfc h\u1ed9p t\u1ef1a nh\u01b0 b\u1ea7u tr\u1eddi \u0111\u00eam Xu\u00e2n \u0111ong \u0111\u1ea7y hy v\u1ecdng.\" \/>\n<meta property=\"og:url\" content=\"https:\/\/helendaily.com\/en\/shop\/tu-quy-binh-an\/\" \/>\n<meta property=\"og:site_name\" content=\"Helen Daily\" \/>\n<meta property=\"article:publisher\" content=\"https:\/\/www.facebook.com\/helenrecipe.vn\" \/>\n<meta property=\"article:modified_time\" content=\"2026-02-05T04:38:48+00:00\" \/>\n<meta property=\"og:image\" content=\"https:\/\/helendaily.com\/wp-content\/uploads\/2026\/01\/5-1.webp\" \/>\n\t<meta property=\"og:image:width\" content=\"1015\" \/>\n\t<meta property=\"og:image:height\" content=\"1350\" \/>\n\t<meta property=\"og:image:type\" content=\"image\/webp\" \/>\n<meta name=\"twitter:card\" content=\"summary_large_image\" \/>\n<meta name=\"twitter:label1\" content=\"Est. reading time\" \/>\n\t<meta name=\"twitter:data1\" content=\"1 minute\" \/>\n<script type=\"application\/ld+json\" class=\"yoast-schema-graph\">{\"@context\":\"https:\/\/schema.org\",\"@graph\":[{\"@type\":\"WebPage\",\"@id\":\"https:\/\/helendaily.com\/shop\/tu-quy-binh-an\/\",\"url\":\"https:\/\/helendaily.com\/shop\/tu-quy-binh-an\/\",\"name\":\"T\u1ee9 Qu\u00fd B\u00ecnh An | Helen Daily\",\"isPartOf\":{\"@id\":\"https:\/\/helendaily.com\/#website\"},\"primaryImageOfPage\":{\"@id\":\"https:\/\/helendaily.com\/shop\/tu-quy-binh-an\/#primaryimage\"},\"image\":{\"@id\":\"https:\/\/helendaily.com\/shop\/tu-quy-binh-an\/#primaryimage\"},\"thumbnailUrl\":\"https:\/\/helendaily.com\/wp-content\/uploads\/2026\/01\/5-1.webp\",\"datePublished\":\"2026-01-30T11:23:44+00:00\",\"dateModified\":\"2026-02-05T04:38:48+00:00\",\"description\":\"Kho\u00e1c l\u00ean m\u00ecnh s\u1eafc Xanh Navy th\u00e2m tr\u1ea7m, huy\u1ec1n b\u00ed, c\u00f9ng h\u1ecda ti\u1ebft Hoa M\u01a1, Hoa \u0110\u00e0o m\u1ea1 v\u00e0ng tinh x\u1ea3o, chi\u1ebfc h\u1ed9p t\u1ef1a nh\u01b0 b\u1ea7u tr\u1eddi \u0111\u00eam Xu\u00e2n \u0111ong \u0111\u1ea7y hy v\u1ecdng.\",\"breadcrumb\":{\"@id\":\"https:\/\/helendaily.com\/shop\/tu-quy-binh-an\/#breadcrumb\"},\"inLanguage\":\"en-US\",\"potentialAction\":[{\"@type\":\"ReadAction\",\"target\":[\"https:\/\/helendaily.com\/shop\/tu-quy-binh-an\/\"]}]},{\"@type\":\"ImageObject\",\"inLanguage\":\"en-US\",\"@id\":\"https:\/\/helendaily.com\/shop\/tu-quy-binh-an\/#primaryimage\",\"url\":\"https:\/\/helendaily.com\/wp-content\/uploads\/2026\/01\/5-1.webp\",\"contentUrl\":\"https:\/\/helendaily.com\/wp-content\/uploads\/2026\/01\/5-1.webp\",\"width\":1015,\"height\":1350},{\"@type\":\"BreadcrumbList\",\"@id\":\"https:\/\/helendaily.com\/shop\/tu-quy-binh-an\/#breadcrumb\",\"itemListElement\":[{\"@type\":\"ListItem\",\"position\":1,\"name\":\"Home\",\"item\":\"https:\/\/helendaily.com\/\"},{\"@type\":\"ListItem\",\"position\":2,\"name\":\"S\u1ea3n ph\u1ea9m\",\"item\":\"https:\/\/helendaily.com\/shop\/\"},{\"@type\":\"ListItem\",\"position\":3,\"name\":\"T\u1ee9 Qu\u00fd B\u00ecnh An\"}]},{\"@type\":\"WebSite\",\"@id\":\"https:\/\/helendaily.com\/#website\",\"url\":\"https:\/\/helendaily.com\/\",\"name\":\"Helen Daily\",\"description\":\"\",\"potentialAction\":[{\"@type\":\"SearchAction\",\"target\":{\"@type\":\"EntryPoint\",\"urlTemplate\":\"https:\/\/helendaily.com\/?s={search_term_string}\"},\"query-input\":{\"@type\":\"PropertyValueSpecification\",\"valueRequired\":true,\"valueName\":\"search_term_string\"}}],\"inLanguage\":\"en-US\"}]}<\/script>\n<!-- \/ Yoast SEO plugin. -->","yoast_head_json":{"title":"T\u1ee9 Qu\u00fd B\u00ecnh An | Helen Daily","description":"Kho\u00e1c l\u00ean m\u00ecnh s\u1eafc Xanh Navy th\u00e2m tr\u1ea7m, huy\u1ec1n b\u00ed, c\u00f9ng h\u1ecda ti\u1ebft Hoa M\u01a1, Hoa \u0110\u00e0o m\u1ea1 v\u00e0ng tinh x\u1ea3o, chi\u1ebfc h\u1ed9p t\u1ef1a nh\u01b0 b\u1ea7u tr\u1eddi \u0111\u00eam Xu\u00e2n \u0111ong \u0111\u1ea7y hy v\u1ecdng.","robots":{"index":"index","follow":"follow","max-snippet":"max-snippet:-1","max-image-preview":"max-image-preview:large","max-video-preview":"max-video-preview:-1"},"canonical":"https:\/\/helendaily.com\/en\/shop\/tu-quy-binh-an\/","og_locale":"en_US","og_type":"article","og_title":"T\u1ee9 Qu\u00fd B\u00ecnh An | Helen Daily","og_description":"Kho\u00e1c l\u00ean m\u00ecnh s\u1eafc Xanh Navy th\u00e2m tr\u1ea7m, huy\u1ec1n b\u00ed, c\u00f9ng h\u1ecda ti\u1ebft Hoa M\u01a1, Hoa \u0110\u00e0o m\u1ea1 v\u00e0ng tinh x\u1ea3o, chi\u1ebfc h\u1ed9p t\u1ef1a nh\u01b0 b\u1ea7u tr\u1eddi \u0111\u00eam Xu\u00e2n \u0111ong \u0111\u1ea7y hy v\u1ecdng.","og_url":"https:\/\/helendaily.com\/en\/shop\/tu-quy-binh-an\/","og_site_name":"Helen Daily","article_publisher":"https:\/\/www.facebook.com\/helenrecipe.vn","article_modified_time":"2026-02-05T04:38:48+00:00","og_image":[{"width":1015,"height":1350,"url":"https:\/\/helendaily.com\/wp-content\/uploads\/2026\/01\/5-1.webp","type":"image\/webp"}],"twitter_card":"summary_large_image","twitter_misc":{"Est. reading time":"1 minute"},"schema":{"@context":"https:\/\/schema.org","@graph":[{"@type":"WebPage","@id":"https:\/\/helendaily.com\/shop\/tu-quy-binh-an\/","url":"https:\/\/helendaily.com\/shop\/tu-quy-binh-an\/","name":"T\u1ee9 Qu\u00fd B\u00ecnh An | Helen Daily","isPartOf":{"@id":"https:\/\/helendaily.com\/#website"},"primaryImageOfPage":{"@id":"https:\/\/helendaily.com\/shop\/tu-quy-binh-an\/#primaryimage"},"image":{"@id":"https:\/\/helendaily.com\/shop\/tu-quy-binh-an\/#primaryimage"},"thumbnailUrl":"https:\/\/helendaily.com\/wp-content\/uploads\/2026\/01\/5-1.webp","datePublished":"2026-01-30T11:23:44+00:00","dateModified":"2026-02-05T04:38:48+00:00","description":"Kho\u00e1c l\u00ean m\u00ecnh s\u1eafc Xanh Navy th\u00e2m tr\u1ea7m, huy\u1ec1n b\u00ed, c\u00f9ng h\u1ecda ti\u1ebft Hoa M\u01a1, Hoa \u0110\u00e0o m\u1ea1 v\u00e0ng tinh x\u1ea3o, chi\u1ebfc h\u1ed9p t\u1ef1a nh\u01b0 b\u1ea7u tr\u1eddi \u0111\u00eam Xu\u00e2n \u0111ong \u0111\u1ea7y hy v\u1ecdng.","breadcrumb":{"@id":"https:\/\/helendaily.com\/shop\/tu-quy-binh-an\/#breadcrumb"},"inLanguage":"en-US","potentialAction":[{"@type":"ReadAction","target":["https:\/\/helendaily.com\/shop\/tu-quy-binh-an\/"]}]},{"@type":"ImageObject","inLanguage":"en-US","@id":"https:\/\/helendaily.com\/shop\/tu-quy-binh-an\/#primaryimage","url":"https:\/\/helendaily.com\/wp-content\/uploads\/2026\/01\/5-1.webp","contentUrl":"https:\/\/helendaily.com\/wp-content\/uploads\/2026\/01\/5-1.webp","width":1015,"height":1350},{"@type":"BreadcrumbList","@id":"https:\/\/helendaily.com\/shop\/tu-quy-binh-an\/#breadcrumb","itemListElement":[{"@type":"ListItem","position":1,"name":"Home","item":"https:\/\/helendaily.com\/"},{"@type":"ListItem","position":2,"name":"S\u1ea3n ph\u1ea9m","item":"https:\/\/helendaily.com\/shop\/"},{"@type":"ListItem","position":3,"name":"T\u1ee9 Qu\u00fd B\u00ecnh An"}]},{"@type":"WebSite","@id":"https:\/\/helendaily.com\/#website","url":"https:\/\/helendaily.com\/","name":"Helen Daily","description":"","potentialAction":[{"@type":"SearchAction","target":{"@type":"EntryPoint","urlTemplate":"https:\/\/helendaily.com\/?s={search_term_string}"},"query-input":{"@type":"PropertyValueSpecification","valueRequired":true,"valueName":"search_term_string"}}],"inLanguage":"en-US"}]}},"_links":{"self":[{"href":"https:\/\/helendaily.com\/en\/wp-json\/wp\/v2\/product\/8615","targetHints":{"allow":["GET"]}}],"collection":[{"href":"https:\/\/helendaily.com\/en\/wp-json\/wp\/v2\/product"}],"about":[{"href":"https:\/\/helendaily.com\/en\/wp-json\/wp\/v2\/types\/product"}],"wp:featuredmedia":[{"embeddable":true,"href":"https:\/\/helendaily.com\/en\/wp-json\/wp\/v2\/media\/8646"}],"wp:attachment":[{"href":"https:\/\/helendaily.com\/en\/wp-json\/wp\/v2\/media?parent=8615"}],"wp:term":[{"taxonomy":"product_brand","embeddable":true,"href":"https:\/\/helendaily.com\/en\/wp-json\/wp\/v2\/product_brand?post=8615"},{"taxonomy":"product_cat","embeddable":true,"href":"https:\/\/helendaily.com\/en\/wp-json\/wp\/v2\/product_cat?post=8615"},{"taxonomy":"product_tag","embeddable":true,"href":"https:\/\/helendaily.com\/en\/wp-json\/wp\/v2\/product_tag?post=8615"}],"curies":[{"name":"wp","href":"https:\/\/api.w.org\/{rel}","templated":true}]}}