{"id":8617,"date":"2026-01-30T11:23:44","date_gmt":"2026-01-30T11:23:44","guid":{"rendered":"https:\/\/helendaily.com\/?post_type=product&#038;p=8617"},"modified":"2026-02-05T04:36:16","modified_gmt":"2026-02-05T04:36:16","slug":"tet-phuc-loc","status":"publish","type":"product","link":"https:\/\/helendaily.com\/en\/shop\/tet-phuc-loc\/","title":{"rendered":"A Prosperous and Blessed"},"content":{"rendered":"","protected":false},"excerpt":{"rendered":"<p><span style=\"font-weight: 400;\">The box itself is a true work of art, dressed in regal royal red and adorned with exquisitely crafted motifs of spring swallows and blooming peach blossoms. More than a gift, it is a powerful wish for flourishing business success, enduring prosperity, and an exceptionally abundant New Year \u2014 a gift worthy of the recipient\u2019s distinguished stature.<\/span><\/p>\n<h6 style=\"margin-top: 26px;\">Items Inside<\/h6>\n<p style=\"line-height: 1.3; margin-bottom: 5px;\"><span style=\"font-weight: 400;\">Premium Longan Wrapped with Lotus Seeds \u2013 250g<\/span><\/p>\n<hr style=\"opacity: 0.5;\" \/>\n<p style=\"line-height: 1.3; margin-bottom: 5px;\"><span style=\"font-weight: 400;\">Honey Glazed Macadamia Nuts \u2013 200g<\/span><\/p>\n<hr style=\"opacity: 0.5;\" \/>\n<p style=\"line-height: 1.3; margin-bottom: 5px;\"><span style=\"font-weight: 400;\">Honey Glazed Macadamia Nuts \u2013 200g<\/span><\/p>\n<hr style=\"opacity: 0.5;\" \/>\n<p style=\"line-height: 1.3; margin-bottom: 5px;\"><span style=\"font-weight: 400;\">Vacuum-Dried Shiitake Mushrooms \u2013 150g<\/span><\/p>\n<hr style=\"opacity: 0.5;\" \/>\n<p style=\"line-height: 1.3; margin-bottom: 5px;\"><span style=\"font-weight: 400;\">Chocolate Covered Almonds \u2013 200g<\/span><\/p>\n<hr style=\"opacity: 0.5;\" \/>\n<p style=\"line-height: 1.3; margin-bottom: 5px;\"><span style=\"font-weight: 400;\">Special West Lake Lotus\u2013Scented T\u00e2n C\u01b0\u01a1ng Tea \u2013 100g<\/span><\/p>\n<hr style=\"opacity: 0.5;\" \/>\n<p style=\"line-height: 1.3; margin-bottom: 5px;\"><span style=\"font-weight: 400;\">A100 Apollinare Vino Rosso Wine<\/span><\/p>","protected":false},"featured_media":8658,"template":"","meta":{"_nectar_blocks_hide_post_title":false,"_nectar_blocks_transparent_header_effect":false,"_nectar_blocks_transparent_header_effect_color":"light","_nectar_blocks_header_animation":false,"_nectar_blocks_header_animation_delay":0,"_nectar_blocks_header_animation_effect":"fade","_nectar_blocks_page_css":"","_nectar_blocks_page_js":""},"product_brand":[],"product_cat":[42],"product_tag":[],"class_list":{"0":"post-8617","1":"product","2":"type-product","3":"status-publish","4":"has-post-thumbnail","6":"product_cat-set-qua-tang","8":"first","9":"instock","10":"shipping-taxable","11":"purchasable","12":"product-type-simple"},"yoast_head":"<!-- This site is optimized with the Yoast SEO plugin v26.9 - https:\/\/yoast.com\/product\/yoast-seo-wordpress\/ -->\n<title>T\u1ebft Ph\u00fac L\u1ed9c | Helen Daily<\/title>\n<meta name=\"description\" content=\"Chi\u1ebfc h\u1ed9p l\u00e0 m\u1ed9t Ki\u1ec7t t\u00e1c ngh\u1ec7 thu\u1eadt v\u1edbi s\u1eafc \u0110\u1ecf Ho\u00e0ng Gia l\u1ed9ng l\u1eaby, k\u1ebft h\u1ee3p c\u00f9ng h\u1ecda ti\u1ebft Chim \u00e9n b\u00e1o xu\u00e2n v\u00e0 C\u00e0nh \u0111\u00e0o n\u1edf r\u1ed9 \u0111\u01b0\u1ee3c ch\u1ea1m kh\u1eafc tinh x\u1ea3o.\" \/>\n<meta name=\"robots\" content=\"index, follow, max-snippet:-1, max-image-preview:large, max-video-preview:-1\" \/>\n<link rel=\"canonical\" href=\"https:\/\/helendaily.com\/en\/shop\/tet-phuc-loc\/\" \/>\n<meta property=\"og:locale\" content=\"en_US\" \/>\n<meta property=\"og:type\" content=\"article\" \/>\n<meta property=\"og:title\" content=\"T\u1ebft Ph\u00fac L\u1ed9c | Helen Daily\" \/>\n<meta property=\"og:description\" content=\"Chi\u1ebfc h\u1ed9p l\u00e0 m\u1ed9t Ki\u1ec7t t\u00e1c ngh\u1ec7 thu\u1eadt v\u1edbi s\u1eafc \u0110\u1ecf Ho\u00e0ng Gia l\u1ed9ng l\u1eaby, k\u1ebft h\u1ee3p c\u00f9ng h\u1ecda ti\u1ebft Chim \u00e9n b\u00e1o xu\u00e2n v\u00e0 C\u00e0nh \u0111\u00e0o n\u1edf r\u1ed9 \u0111\u01b0\u1ee3c ch\u1ea1m kh\u1eafc tinh x\u1ea3o.\" \/>\n<meta property=\"og:url\" content=\"https:\/\/helendaily.com\/en\/shop\/tet-phuc-loc\/\" \/>\n<meta property=\"og:site_name\" content=\"Helen Daily\" \/>\n<meta property=\"article:publisher\" content=\"https:\/\/www.facebook.com\/helenrecipe.vn\" \/>\n<meta property=\"article:modified_time\" content=\"2026-02-05T04:36:16+00:00\" \/>\n<meta property=\"og:image\" content=\"https:\/\/helendaily.com\/wp-content\/uploads\/2026\/01\/9-1.webp\" \/>\n\t<meta property=\"og:image:width\" content=\"1015\" \/>\n\t<meta property=\"og:image:height\" content=\"1350\" \/>\n\t<meta property=\"og:image:type\" content=\"image\/webp\" \/>\n<meta name=\"twitter:card\" content=\"summary_large_image\" \/>\n<meta name=\"twitter:label1\" content=\"Est. reading time\" \/>\n\t<meta name=\"twitter:data1\" content=\"1 minute\" \/>\n<script type=\"application\/ld+json\" class=\"yoast-schema-graph\">{\"@context\":\"https:\/\/schema.org\",\"@graph\":[{\"@type\":\"WebPage\",\"@id\":\"https:\/\/helendaily.com\/shop\/tet-phuc-loc\/\",\"url\":\"https:\/\/helendaily.com\/shop\/tet-phuc-loc\/\",\"name\":\"T\u1ebft Ph\u00fac L\u1ed9c | Helen Daily\",\"isPartOf\":{\"@id\":\"https:\/\/helendaily.com\/#website\"},\"primaryImageOfPage\":{\"@id\":\"https:\/\/helendaily.com\/shop\/tet-phuc-loc\/#primaryimage\"},\"image\":{\"@id\":\"https:\/\/helendaily.com\/shop\/tet-phuc-loc\/#primaryimage\"},\"thumbnailUrl\":\"https:\/\/helendaily.com\/wp-content\/uploads\/2026\/01\/9-1.webp\",\"datePublished\":\"2026-01-30T11:23:44+00:00\",\"dateModified\":\"2026-02-05T04:36:16+00:00\",\"description\":\"Chi\u1ebfc h\u1ed9p l\u00e0 m\u1ed9t Ki\u1ec7t t\u00e1c ngh\u1ec7 thu\u1eadt v\u1edbi s\u1eafc \u0110\u1ecf Ho\u00e0ng Gia l\u1ed9ng l\u1eaby, k\u1ebft h\u1ee3p c\u00f9ng h\u1ecda ti\u1ebft Chim \u00e9n b\u00e1o xu\u00e2n v\u00e0 C\u00e0nh \u0111\u00e0o n\u1edf r\u1ed9 \u0111\u01b0\u1ee3c ch\u1ea1m kh\u1eafc tinh x\u1ea3o.\",\"breadcrumb\":{\"@id\":\"https:\/\/helendaily.com\/shop\/tet-phuc-loc\/#breadcrumb\"},\"inLanguage\":\"en-US\",\"potentialAction\":[{\"@type\":\"ReadAction\",\"target\":[\"https:\/\/helendaily.com\/shop\/tet-phuc-loc\/\"]}]},{\"@type\":\"ImageObject\",\"inLanguage\":\"en-US\",\"@id\":\"https:\/\/helendaily.com\/shop\/tet-phuc-loc\/#primaryimage\",\"url\":\"https:\/\/helendaily.com\/wp-content\/uploads\/2026\/01\/9-1.webp\",\"contentUrl\":\"https:\/\/helendaily.com\/wp-content\/uploads\/2026\/01\/9-1.webp\",\"width\":1015,\"height\":1350},{\"@type\":\"BreadcrumbList\",\"@id\":\"https:\/\/helendaily.com\/shop\/tet-phuc-loc\/#breadcrumb\",\"itemListElement\":[{\"@type\":\"ListItem\",\"position\":1,\"name\":\"Home\",\"item\":\"https:\/\/helendaily.com\/\"},{\"@type\":\"ListItem\",\"position\":2,\"name\":\"S\u1ea3n ph\u1ea9m\",\"item\":\"https:\/\/helendaily.com\/shop\/\"},{\"@type\":\"ListItem\",\"position\":3,\"name\":\"T\u1ebft Ph\u00fac L\u1ed9c\"}]},{\"@type\":\"WebSite\",\"@id\":\"https:\/\/helendaily.com\/#website\",\"url\":\"https:\/\/helendaily.com\/\",\"name\":\"Helen Daily\",\"description\":\"\",\"potentialAction\":[{\"@type\":\"SearchAction\",\"target\":{\"@type\":\"EntryPoint\",\"urlTemplate\":\"https:\/\/helendaily.com\/?s={search_term_string}\"},\"query-input\":{\"@type\":\"PropertyValueSpecification\",\"valueRequired\":true,\"valueName\":\"search_term_string\"}}],\"inLanguage\":\"en-US\"}]}<\/script>\n<!-- \/ Yoast SEO plugin. -->","yoast_head_json":{"title":"T\u1ebft Ph\u00fac L\u1ed9c | Helen Daily","description":"Chi\u1ebfc h\u1ed9p l\u00e0 m\u1ed9t Ki\u1ec7t t\u00e1c ngh\u1ec7 thu\u1eadt v\u1edbi s\u1eafc \u0110\u1ecf Ho\u00e0ng Gia l\u1ed9ng l\u1eaby, k\u1ebft h\u1ee3p c\u00f9ng h\u1ecda ti\u1ebft Chim \u00e9n b\u00e1o xu\u00e2n v\u00e0 C\u00e0nh \u0111\u00e0o n\u1edf r\u1ed9 \u0111\u01b0\u1ee3c ch\u1ea1m kh\u1eafc tinh x\u1ea3o.","robots":{"index":"index","follow":"follow","max-snippet":"max-snippet:-1","max-image-preview":"max-image-preview:large","max-video-preview":"max-video-preview:-1"},"canonical":"https:\/\/helendaily.com\/en\/shop\/tet-phuc-loc\/","og_locale":"en_US","og_type":"article","og_title":"T\u1ebft Ph\u00fac L\u1ed9c | Helen Daily","og_description":"Chi\u1ebfc h\u1ed9p l\u00e0 m\u1ed9t Ki\u1ec7t t\u00e1c ngh\u1ec7 thu\u1eadt v\u1edbi s\u1eafc \u0110\u1ecf Ho\u00e0ng Gia l\u1ed9ng l\u1eaby, k\u1ebft h\u1ee3p c\u00f9ng h\u1ecda ti\u1ebft Chim \u00e9n b\u00e1o xu\u00e2n v\u00e0 C\u00e0nh \u0111\u00e0o n\u1edf r\u1ed9 \u0111\u01b0\u1ee3c ch\u1ea1m kh\u1eafc tinh x\u1ea3o.","og_url":"https:\/\/helendaily.com\/en\/shop\/tet-phuc-loc\/","og_site_name":"Helen Daily","article_publisher":"https:\/\/www.facebook.com\/helenrecipe.vn","article_modified_time":"2026-02-05T04:36:16+00:00","og_image":[{"width":1015,"height":1350,"url":"https:\/\/helendaily.com\/wp-content\/uploads\/2026\/01\/9-1.webp","type":"image\/webp"}],"twitter_card":"summary_large_image","twitter_misc":{"Est. reading time":"1 minute"},"schema":{"@context":"https:\/\/schema.org","@graph":[{"@type":"WebPage","@id":"https:\/\/helendaily.com\/shop\/tet-phuc-loc\/","url":"https:\/\/helendaily.com\/shop\/tet-phuc-loc\/","name":"T\u1ebft Ph\u00fac L\u1ed9c | Helen Daily","isPartOf":{"@id":"https:\/\/helendaily.com\/#website"},"primaryImageOfPage":{"@id":"https:\/\/helendaily.com\/shop\/tet-phuc-loc\/#primaryimage"},"image":{"@id":"https:\/\/helendaily.com\/shop\/tet-phuc-loc\/#primaryimage"},"thumbnailUrl":"https:\/\/helendaily.com\/wp-content\/uploads\/2026\/01\/9-1.webp","datePublished":"2026-01-30T11:23:44+00:00","dateModified":"2026-02-05T04:36:16+00:00","description":"Chi\u1ebfc h\u1ed9p l\u00e0 m\u1ed9t Ki\u1ec7t t\u00e1c ngh\u1ec7 thu\u1eadt v\u1edbi s\u1eafc \u0110\u1ecf Ho\u00e0ng Gia l\u1ed9ng l\u1eaby, k\u1ebft h\u1ee3p c\u00f9ng h\u1ecda ti\u1ebft Chim \u00e9n b\u00e1o xu\u00e2n v\u00e0 C\u00e0nh \u0111\u00e0o n\u1edf r\u1ed9 \u0111\u01b0\u1ee3c ch\u1ea1m kh\u1eafc tinh x\u1ea3o.","breadcrumb":{"@id":"https:\/\/helendaily.com\/shop\/tet-phuc-loc\/#breadcrumb"},"inLanguage":"en-US","potentialAction":[{"@type":"ReadAction","target":["https:\/\/helendaily.com\/shop\/tet-phuc-loc\/"]}]},{"@type":"ImageObject","inLanguage":"en-US","@id":"https:\/\/helendaily.com\/shop\/tet-phuc-loc\/#primaryimage","url":"https:\/\/helendaily.com\/wp-content\/uploads\/2026\/01\/9-1.webp","contentUrl":"https:\/\/helendaily.com\/wp-content\/uploads\/2026\/01\/9-1.webp","width":1015,"height":1350},{"@type":"BreadcrumbList","@id":"https:\/\/helendaily.com\/shop\/tet-phuc-loc\/#breadcrumb","itemListElement":[{"@type":"ListItem","position":1,"name":"Home","item":"https:\/\/helendaily.com\/"},{"@type":"ListItem","position":2,"name":"S\u1ea3n ph\u1ea9m","item":"https:\/\/helendaily.com\/shop\/"},{"@type":"ListItem","position":3,"name":"T\u1ebft Ph\u00fac L\u1ed9c"}]},{"@type":"WebSite","@id":"https:\/\/helendaily.com\/#website","url":"https:\/\/helendaily.com\/","name":"Helen Daily","description":"","potentialAction":[{"@type":"SearchAction","target":{"@type":"EntryPoint","urlTemplate":"https:\/\/helendaily.com\/?s={search_term_string}"},"query-input":{"@type":"PropertyValueSpecification","valueRequired":true,"valueName":"search_term_string"}}],"inLanguage":"en-US"}]}},"_links":{"self":[{"href":"https:\/\/helendaily.com\/en\/wp-json\/wp\/v2\/product\/8617","targetHints":{"allow":["GET"]}}],"collection":[{"href":"https:\/\/helendaily.com\/en\/wp-json\/wp\/v2\/product"}],"about":[{"href":"https:\/\/helendaily.com\/en\/wp-json\/wp\/v2\/types\/product"}],"wp:featuredmedia":[{"embeddable":true,"href":"https:\/\/helendaily.com\/en\/wp-json\/wp\/v2\/media\/8658"}],"wp:attachment":[{"href":"https:\/\/helendaily.com\/en\/wp-json\/wp\/v2\/media?parent=8617"}],"wp:term":[{"taxonomy":"product_brand","embeddable":true,"href":"https:\/\/helendaily.com\/en\/wp-json\/wp\/v2\/product_brand?post=8617"},{"taxonomy":"product_cat","embeddable":true,"href":"https:\/\/helendaily.com\/en\/wp-json\/wp\/v2\/product_cat?post=8617"},{"taxonomy":"product_tag","embeddable":true,"href":"https:\/\/helendaily.com\/en\/wp-json\/wp\/v2\/product_tag?post=8617"}],"curies":[{"name":"wp","href":"https:\/\/api.w.org\/{rel}","templated":true}]}}