{"id":8618,"date":"2026-01-30T11:23:45","date_gmt":"2026-01-30T11:23:45","guid":{"rendered":"https:\/\/helendaily.com\/?post_type=product&#038;p=8618"},"modified":"2026-02-05T04:34:45","modified_gmt":"2026-02-05T04:34:45","slug":"vinh-hoa-phu-quy","status":"publish","type":"product","link":"https:\/\/helendaily.com\/en\/shop\/vinh-hoa-phu-quy\/","title":{"rendered":"Prosperity and Honor"},"content":{"rendered":"<p id=\"block-dHSfAZgree\" class=\"wp-block-nectar-blocks-text nectar-blocks-text\"><\/p>","protected":false},"excerpt":{"rendered":"<p><span style=\"font-weight: 400;\">Prosperity and Honor is a masterful gift creation imbued with artistic spirit, featuring lacquer-style embossed details that recreate nostalgic scenes of calligraphy scholars, flower vendors, and ancient village temples in old town streets.<\/span><\/p>\n<h6 style=\"margin-top: 26px;\">Items Inside<\/h6>\n<p style=\"line-height: 1.3; margin-bottom: 5px;\"><span style=\"font-weight: 400;\">Australian Imported Whole-Bunch Grapes \u2013 300 g<\/span><\/p>\n<hr style=\"opacity: 0.5;\" \/>\n<p style=\"line-height: 1.3; margin-bottom: 5px;\"><span style=\"font-weight: 400;\">Caramelized Macadamia Nuts \u2013 300g<\/span><\/p>\n<hr style=\"opacity: 0.5;\" \/>\n<p style=\"line-height: 1.3; margin-bottom: 5px;\"><span style=\"font-weight: 400;\">Cappuccino Almonds \u2013 300g <\/span><\/p>\n<hr style=\"opacity: 0.5;\" \/>\n<p style=\"line-height: 1.3; margin-bottom: 5px;\"><span style=\"font-weight: 400;\">Honey Roasted Cashew\u2013 300g<\/span><\/p>\n<hr style=\"opacity: 0.5;\" \/>\n<p style=\"line-height: 1.3; margin-bottom: 5px;\"><span style=\"font-weight: 400;\">D\u2019oro Chocolate \u2013 200g (40 pieces)<\/span><\/p>\n<hr style=\"opacity: 0.5;\" \/>\n<p style=\"line-height: 1.3; margin-bottom: 5px;\"><span style=\"font-weight: 400;\">Special West Lake Lotus\u2013Scented T\u00e2n C\u01b0\u01a1ng Tea \u2013 100g<\/span><\/p>\n<hr style=\"opacity: 0.5;\" \/>\n<p style=\"line-height: 1.3; margin-bottom: 5px;\"><span style=\"font-weight: 400;\">Premium Edition Primitivo di Manduria Riserva Wine<\/span><\/p>","protected":false},"featured_media":8664,"template":"","meta":{"_nectar_blocks_hide_post_title":false,"_nectar_blocks_transparent_header_effect":false,"_nectar_blocks_transparent_header_effect_color":"light","_nectar_blocks_header_animation":false,"_nectar_blocks_header_animation_delay":0,"_nectar_blocks_header_animation_effect":"fade","_nectar_blocks_page_css":"","_nectar_blocks_page_js":""},"product_brand":[],"product_cat":[42],"product_tag":[],"class_list":{"0":"post-8618","1":"product","2":"type-product","3":"status-publish","4":"has-post-thumbnail","6":"product_cat-set-qua-tang","8":"first","9":"instock","10":"shipping-taxable","11":"purchasable","12":"product-type-simple"},"yoast_head":"<!-- This site is optimized with the Yoast SEO plugin v26.9 - https:\/\/yoast.com\/product\/yoast-seo-wordpress\/ -->\n<title>Vinh Hoa Ph\u00fa Qu\u00fd | Helen Daily<\/title>\n<meta name=\"description\" content=\"Vinh Hoa Ph\u00fa Qu\u00fd l\u00e0 tuy\u1ec7t t\u00e1c qu\u00e0 t\u1eb7ng mang \u0111\u1eadm h\u01a1i th\u1edf ngh\u1ec7 thu\u1eadt v\u1edbi chi ti\u1ebft in n\u1ed5i s\u01a1n m\u00e0i t\u00e1i hi\u1ec7n c\u1ea3nh xin ch\u1eef \u00f4ng \u0111\u1ed3.\" \/>\n<meta name=\"robots\" content=\"index, follow, max-snippet:-1, max-image-preview:large, max-video-preview:-1\" \/>\n<link rel=\"canonical\" href=\"https:\/\/helendaily.com\/en\/shop\/vinh-hoa-phu-quy\/\" \/>\n<meta property=\"og:locale\" content=\"en_US\" \/>\n<meta property=\"og:type\" content=\"article\" \/>\n<meta property=\"og:title\" content=\"Vinh Hoa Ph\u00fa Qu\u00fd | Helen Daily\" \/>\n<meta property=\"og:description\" content=\"Vinh Hoa Ph\u00fa Qu\u00fd l\u00e0 tuy\u1ec7t t\u00e1c qu\u00e0 t\u1eb7ng mang \u0111\u1eadm h\u01a1i th\u1edf ngh\u1ec7 thu\u1eadt v\u1edbi chi ti\u1ebft in n\u1ed5i s\u01a1n m\u00e0i t\u00e1i hi\u1ec7n c\u1ea3nh xin ch\u1eef \u00f4ng \u0111\u1ed3.\" \/>\n<meta property=\"og:url\" content=\"https:\/\/helendaily.com\/en\/shop\/vinh-hoa-phu-quy\/\" \/>\n<meta property=\"og:site_name\" content=\"Helen Daily\" \/>\n<meta property=\"article:publisher\" content=\"https:\/\/www.facebook.com\/helenrecipe.vn\" \/>\n<meta property=\"article:modified_time\" content=\"2026-02-05T04:34:45+00:00\" \/>\n<meta property=\"og:image\" content=\"https:\/\/helendaily.com\/wp-content\/uploads\/2026\/01\/compressed_10-5.webp\" \/>\n\t<meta property=\"og:image:width\" content=\"812\" \/>\n\t<meta property=\"og:image:height\" content=\"1080\" \/>\n\t<meta property=\"og:image:type\" content=\"image\/webp\" \/>\n<meta name=\"twitter:card\" content=\"summary_large_image\" \/>\n<meta name=\"twitter:label1\" content=\"Est. reading time\" \/>\n\t<meta name=\"twitter:data1\" content=\"1 minute\" \/>\n<script type=\"application\/ld+json\" class=\"yoast-schema-graph\">{\"@context\":\"https:\/\/schema.org\",\"@graph\":[{\"@type\":\"WebPage\",\"@id\":\"https:\/\/helendaily.com\/shop\/vinh-hoa-phu-quy\/\",\"url\":\"https:\/\/helendaily.com\/shop\/vinh-hoa-phu-quy\/\",\"name\":\"Vinh Hoa Ph\u00fa Qu\u00fd | Helen Daily\",\"isPartOf\":{\"@id\":\"https:\/\/helendaily.com\/#website\"},\"primaryImageOfPage\":{\"@id\":\"https:\/\/helendaily.com\/shop\/vinh-hoa-phu-quy\/#primaryimage\"},\"image\":{\"@id\":\"https:\/\/helendaily.com\/shop\/vinh-hoa-phu-quy\/#primaryimage\"},\"thumbnailUrl\":\"https:\/\/helendaily.com\/wp-content\/uploads\/2026\/01\/compressed_10-5.webp\",\"datePublished\":\"2026-01-30T11:23:45+00:00\",\"dateModified\":\"2026-02-05T04:34:45+00:00\",\"description\":\"Vinh Hoa Ph\u00fa Qu\u00fd l\u00e0 tuy\u1ec7t t\u00e1c qu\u00e0 t\u1eb7ng mang \u0111\u1eadm h\u01a1i th\u1edf ngh\u1ec7 thu\u1eadt v\u1edbi chi ti\u1ebft in n\u1ed5i s\u01a1n m\u00e0i t\u00e1i hi\u1ec7n c\u1ea3nh xin ch\u1eef \u00f4ng \u0111\u1ed3.\",\"breadcrumb\":{\"@id\":\"https:\/\/helendaily.com\/shop\/vinh-hoa-phu-quy\/#breadcrumb\"},\"inLanguage\":\"en-US\",\"potentialAction\":[{\"@type\":\"ReadAction\",\"target\":[\"https:\/\/helendaily.com\/shop\/vinh-hoa-phu-quy\/\"]}]},{\"@type\":\"ImageObject\",\"inLanguage\":\"en-US\",\"@id\":\"https:\/\/helendaily.com\/shop\/vinh-hoa-phu-quy\/#primaryimage\",\"url\":\"https:\/\/helendaily.com\/wp-content\/uploads\/2026\/01\/compressed_10-5.webp\",\"contentUrl\":\"https:\/\/helendaily.com\/wp-content\/uploads\/2026\/01\/compressed_10-5.webp\",\"width\":812,\"height\":1080},{\"@type\":\"BreadcrumbList\",\"@id\":\"https:\/\/helendaily.com\/shop\/vinh-hoa-phu-quy\/#breadcrumb\",\"itemListElement\":[{\"@type\":\"ListItem\",\"position\":1,\"name\":\"Home\",\"item\":\"https:\/\/helendaily.com\/\"},{\"@type\":\"ListItem\",\"position\":2,\"name\":\"S\u1ea3n ph\u1ea9m\",\"item\":\"https:\/\/helendaily.com\/shop\/\"},{\"@type\":\"ListItem\",\"position\":3,\"name\":\"Vinh Hoa Ph\u00fa Qu\u00fd\"}]},{\"@type\":\"WebSite\",\"@id\":\"https:\/\/helendaily.com\/#website\",\"url\":\"https:\/\/helendaily.com\/\",\"name\":\"Helen Daily\",\"description\":\"\",\"potentialAction\":[{\"@type\":\"SearchAction\",\"target\":{\"@type\":\"EntryPoint\",\"urlTemplate\":\"https:\/\/helendaily.com\/?s={search_term_string}\"},\"query-input\":{\"@type\":\"PropertyValueSpecification\",\"valueRequired\":true,\"valueName\":\"search_term_string\"}}],\"inLanguage\":\"en-US\"}]}<\/script>\n<!-- \/ Yoast SEO plugin. -->","yoast_head_json":{"title":"Vinh Hoa Ph\u00fa Qu\u00fd | Helen Daily","description":"Vinh Hoa Ph\u00fa Qu\u00fd l\u00e0 tuy\u1ec7t t\u00e1c qu\u00e0 t\u1eb7ng mang \u0111\u1eadm h\u01a1i th\u1edf ngh\u1ec7 thu\u1eadt v\u1edbi chi ti\u1ebft in n\u1ed5i s\u01a1n m\u00e0i t\u00e1i hi\u1ec7n c\u1ea3nh xin ch\u1eef \u00f4ng \u0111\u1ed3.","robots":{"index":"index","follow":"follow","max-snippet":"max-snippet:-1","max-image-preview":"max-image-preview:large","max-video-preview":"max-video-preview:-1"},"canonical":"https:\/\/helendaily.com\/en\/shop\/vinh-hoa-phu-quy\/","og_locale":"en_US","og_type":"article","og_title":"Vinh Hoa Ph\u00fa Qu\u00fd | Helen Daily","og_description":"Vinh Hoa Ph\u00fa Qu\u00fd l\u00e0 tuy\u1ec7t t\u00e1c qu\u00e0 t\u1eb7ng mang \u0111\u1eadm h\u01a1i th\u1edf ngh\u1ec7 thu\u1eadt v\u1edbi chi ti\u1ebft in n\u1ed5i s\u01a1n m\u00e0i t\u00e1i hi\u1ec7n c\u1ea3nh xin ch\u1eef \u00f4ng \u0111\u1ed3.","og_url":"https:\/\/helendaily.com\/en\/shop\/vinh-hoa-phu-quy\/","og_site_name":"Helen Daily","article_publisher":"https:\/\/www.facebook.com\/helenrecipe.vn","article_modified_time":"2026-02-05T04:34:45+00:00","og_image":[{"width":812,"height":1080,"url":"https:\/\/helendaily.com\/wp-content\/uploads\/2026\/01\/compressed_10-5.webp","type":"image\/webp"}],"twitter_card":"summary_large_image","twitter_misc":{"Est. reading time":"1 minute"},"schema":{"@context":"https:\/\/schema.org","@graph":[{"@type":"WebPage","@id":"https:\/\/helendaily.com\/shop\/vinh-hoa-phu-quy\/","url":"https:\/\/helendaily.com\/shop\/vinh-hoa-phu-quy\/","name":"Vinh Hoa Ph\u00fa Qu\u00fd | Helen Daily","isPartOf":{"@id":"https:\/\/helendaily.com\/#website"},"primaryImageOfPage":{"@id":"https:\/\/helendaily.com\/shop\/vinh-hoa-phu-quy\/#primaryimage"},"image":{"@id":"https:\/\/helendaily.com\/shop\/vinh-hoa-phu-quy\/#primaryimage"},"thumbnailUrl":"https:\/\/helendaily.com\/wp-content\/uploads\/2026\/01\/compressed_10-5.webp","datePublished":"2026-01-30T11:23:45+00:00","dateModified":"2026-02-05T04:34:45+00:00","description":"Vinh Hoa Ph\u00fa Qu\u00fd l\u00e0 tuy\u1ec7t t\u00e1c qu\u00e0 t\u1eb7ng mang \u0111\u1eadm h\u01a1i th\u1edf ngh\u1ec7 thu\u1eadt v\u1edbi chi ti\u1ebft in n\u1ed5i s\u01a1n m\u00e0i t\u00e1i hi\u1ec7n c\u1ea3nh xin ch\u1eef \u00f4ng \u0111\u1ed3.","breadcrumb":{"@id":"https:\/\/helendaily.com\/shop\/vinh-hoa-phu-quy\/#breadcrumb"},"inLanguage":"en-US","potentialAction":[{"@type":"ReadAction","target":["https:\/\/helendaily.com\/shop\/vinh-hoa-phu-quy\/"]}]},{"@type":"ImageObject","inLanguage":"en-US","@id":"https:\/\/helendaily.com\/shop\/vinh-hoa-phu-quy\/#primaryimage","url":"https:\/\/helendaily.com\/wp-content\/uploads\/2026\/01\/compressed_10-5.webp","contentUrl":"https:\/\/helendaily.com\/wp-content\/uploads\/2026\/01\/compressed_10-5.webp","width":812,"height":1080},{"@type":"BreadcrumbList","@id":"https:\/\/helendaily.com\/shop\/vinh-hoa-phu-quy\/#breadcrumb","itemListElement":[{"@type":"ListItem","position":1,"name":"Home","item":"https:\/\/helendaily.com\/"},{"@type":"ListItem","position":2,"name":"S\u1ea3n ph\u1ea9m","item":"https:\/\/helendaily.com\/shop\/"},{"@type":"ListItem","position":3,"name":"Vinh Hoa Ph\u00fa Qu\u00fd"}]},{"@type":"WebSite","@id":"https:\/\/helendaily.com\/#website","url":"https:\/\/helendaily.com\/","name":"Helen Daily","description":"","potentialAction":[{"@type":"SearchAction","target":{"@type":"EntryPoint","urlTemplate":"https:\/\/helendaily.com\/?s={search_term_string}"},"query-input":{"@type":"PropertyValueSpecification","valueRequired":true,"valueName":"search_term_string"}}],"inLanguage":"en-US"}]}},"_links":{"self":[{"href":"https:\/\/helendaily.com\/en\/wp-json\/wp\/v2\/product\/8618","targetHints":{"allow":["GET"]}}],"collection":[{"href":"https:\/\/helendaily.com\/en\/wp-json\/wp\/v2\/product"}],"about":[{"href":"https:\/\/helendaily.com\/en\/wp-json\/wp\/v2\/types\/product"}],"wp:featuredmedia":[{"embeddable":true,"href":"https:\/\/helendaily.com\/en\/wp-json\/wp\/v2\/media\/8664"}],"wp:attachment":[{"href":"https:\/\/helendaily.com\/en\/wp-json\/wp\/v2\/media?parent=8618"}],"wp:term":[{"taxonomy":"product_brand","embeddable":true,"href":"https:\/\/helendaily.com\/en\/wp-json\/wp\/v2\/product_brand?post=8618"},{"taxonomy":"product_cat","embeddable":true,"href":"https:\/\/helendaily.com\/en\/wp-json\/wp\/v2\/product_cat?post=8618"},{"taxonomy":"product_tag","embeddable":true,"href":"https:\/\/helendaily.com\/en\/wp-json\/wp\/v2\/product_tag?post=8618"}],"curies":[{"name":"wp","href":"https:\/\/api.w.org\/{rel}","templated":true}]}}