{"id":8620,"date":"2026-01-30T11:23:45","date_gmt":"2026-01-30T11:23:45","guid":{"rendered":"https:\/\/helendaily.com\/?post_type=product&#038;p=8620"},"modified":"2026-02-05T04:32:20","modified_gmt":"2026-02-05T04:32:20","slug":"nho-organic-nhap-khau-uc","status":"publish","type":"product","link":"https:\/\/helendaily.com\/en\/shop\/nho-organic-nhap-khau-uc\/","title":{"rendered":"Australia Organic Grapes"},"content":{"rendered":"","protected":false},"excerpt":{"rendered":"<p>Australian Imported Organic Grapes are grown in accordance with certified organic standards, 100% natural, with no added flavorings and no sugar coating, allowing them to retain their signature naturally light and refreshing sweetness.<\/p>\n<ul>\n<li>Net weight: 300g<\/li>\n<li>Shelf life: 12 months<\/li>\n<\/ul>","protected":false},"featured_media":8675,"template":"","meta":{"_nectar_blocks_hide_post_title":false,"_nectar_blocks_transparent_header_effect":false,"_nectar_blocks_transparent_header_effect_color":"light","_nectar_blocks_header_animation":false,"_nectar_blocks_header_animation_delay":0,"_nectar_blocks_header_animation_effect":"fade","_nectar_blocks_page_css":"","_nectar_blocks_page_js":""},"product_brand":[],"product_cat":[40],"product_tag":[],"class_list":{"0":"post-8620","1":"product","2":"type-product","3":"status-publish","4":"has-post-thumbnail","6":"product_cat-hat_qua_say","8":"first","9":"instock","10":"shipping-taxable","11":"purchasable","12":"product-type-simple"},"yoast_head":"<!-- This site is optimized with the Yoast SEO plugin v26.9 - https:\/\/yoast.com\/product\/yoast-seo-wordpress\/ -->\n<title>Nho Organic Nh\u1eadp Kh\u1ea9u \u00dac | Helen Daily<\/title>\n<meta name=\"description\" content=\"Nho organic nh\u1eadp kh\u1ea9u \u00dac Helen Daily \u0111\u01b0\u1ee3c tr\u1ed3ng theo ti\u00eau chu\u1ea9n h\u1eefu c\u01a1, kh\u00f4ng h\u00f3a ch\u1ea5t \u0111\u1ed9c h\u1ea1i, v\u1ecb ng\u1ecdt thanh t\u1ef1 nhi\u00ean v\u00e0 gi\u00e0u dinh d\u01b0\u1ee1ng.\" \/>\n<meta name=\"robots\" content=\"index, follow, max-snippet:-1, max-image-preview:large, max-video-preview:-1\" \/>\n<link rel=\"canonical\" href=\"https:\/\/helendaily.com\/en\/shop\/nho-organic-nhap-khau-uc\/\" \/>\n<meta property=\"og:locale\" content=\"en_US\" \/>\n<meta property=\"og:type\" content=\"article\" \/>\n<meta property=\"og:title\" content=\"Nho Organic Nh\u1eadp Kh\u1ea9u \u00dac | Helen Daily\" \/>\n<meta property=\"og:description\" content=\"Nho organic nh\u1eadp kh\u1ea9u \u00dac Helen Daily \u0111\u01b0\u1ee3c tr\u1ed3ng theo ti\u00eau chu\u1ea9n h\u1eefu c\u01a1, kh\u00f4ng h\u00f3a ch\u1ea5t \u0111\u1ed9c h\u1ea1i, v\u1ecb ng\u1ecdt thanh t\u1ef1 nhi\u00ean v\u00e0 gi\u00e0u dinh d\u01b0\u1ee1ng.\" \/>\n<meta property=\"og:url\" content=\"https:\/\/helendaily.com\/en\/shop\/nho-organic-nhap-khau-uc\/\" \/>\n<meta property=\"og:site_name\" content=\"Helen Daily\" \/>\n<meta property=\"article:publisher\" content=\"https:\/\/www.facebook.com\/helenrecipe.vn\" \/>\n<meta property=\"article:modified_time\" content=\"2026-02-05T04:32:20+00:00\" \/>\n<meta property=\"og:image\" content=\"https:\/\/helendaily.com\/wp-content\/uploads\/2026\/01\/compressed_Lonho500ml.webp\" \/>\n\t<meta property=\"og:image:width\" content=\"753\" \/>\n\t<meta property=\"og:image:height\" content=\"1004\" \/>\n\t<meta property=\"og:image:type\" content=\"image\/webp\" \/>\n<meta name=\"twitter:card\" content=\"summary_large_image\" \/>\n<meta name=\"twitter:label1\" content=\"Est. reading time\" \/>\n\t<meta name=\"twitter:data1\" content=\"1 minute\" \/>\n<script type=\"application\/ld+json\" class=\"yoast-schema-graph\">{\"@context\":\"https:\/\/schema.org\",\"@graph\":[{\"@type\":\"WebPage\",\"@id\":\"https:\/\/helendaily.com\/shop\/nho-organic-nhap-khau-uc\/\",\"url\":\"https:\/\/helendaily.com\/shop\/nho-organic-nhap-khau-uc\/\",\"name\":\"Nho Organic Nh\u1eadp Kh\u1ea9u \u00dac | Helen Daily\",\"isPartOf\":{\"@id\":\"https:\/\/helendaily.com\/#website\"},\"primaryImageOfPage\":{\"@id\":\"https:\/\/helendaily.com\/shop\/nho-organic-nhap-khau-uc\/#primaryimage\"},\"image\":{\"@id\":\"https:\/\/helendaily.com\/shop\/nho-organic-nhap-khau-uc\/#primaryimage\"},\"thumbnailUrl\":\"https:\/\/helendaily.com\/wp-content\/uploads\/2026\/01\/compressed_Lonho500ml.webp\",\"datePublished\":\"2026-01-30T11:23:45+00:00\",\"dateModified\":\"2026-02-05T04:32:20+00:00\",\"description\":\"Nho organic nh\u1eadp kh\u1ea9u \u00dac Helen Daily \u0111\u01b0\u1ee3c tr\u1ed3ng theo ti\u00eau chu\u1ea9n h\u1eefu c\u01a1, kh\u00f4ng h\u00f3a ch\u1ea5t \u0111\u1ed9c h\u1ea1i, v\u1ecb ng\u1ecdt thanh t\u1ef1 nhi\u00ean v\u00e0 gi\u00e0u dinh d\u01b0\u1ee1ng.\",\"breadcrumb\":{\"@id\":\"https:\/\/helendaily.com\/shop\/nho-organic-nhap-khau-uc\/#breadcrumb\"},\"inLanguage\":\"en-US\",\"potentialAction\":[{\"@type\":\"ReadAction\",\"target\":[\"https:\/\/helendaily.com\/shop\/nho-organic-nhap-khau-uc\/\"]}]},{\"@type\":\"ImageObject\",\"inLanguage\":\"en-US\",\"@id\":\"https:\/\/helendaily.com\/shop\/nho-organic-nhap-khau-uc\/#primaryimage\",\"url\":\"https:\/\/helendaily.com\/wp-content\/uploads\/2026\/01\/compressed_Lonho500ml.webp\",\"contentUrl\":\"https:\/\/helendaily.com\/wp-content\/uploads\/2026\/01\/compressed_Lonho500ml.webp\",\"width\":753,\"height\":1004},{\"@type\":\"BreadcrumbList\",\"@id\":\"https:\/\/helendaily.com\/shop\/nho-organic-nhap-khau-uc\/#breadcrumb\",\"itemListElement\":[{\"@type\":\"ListItem\",\"position\":1,\"name\":\"Home\",\"item\":\"https:\/\/helendaily.com\/\"},{\"@type\":\"ListItem\",\"position\":2,\"name\":\"S\u1ea3n ph\u1ea9m\",\"item\":\"https:\/\/helendaily.com\/shop\/\"},{\"@type\":\"ListItem\",\"position\":3,\"name\":\"Nho Organic Nh\u1eadp Kh\u1ea9u \u00dac\"}]},{\"@type\":\"WebSite\",\"@id\":\"https:\/\/helendaily.com\/#website\",\"url\":\"https:\/\/helendaily.com\/\",\"name\":\"Helen Daily\",\"description\":\"\",\"potentialAction\":[{\"@type\":\"SearchAction\",\"target\":{\"@type\":\"EntryPoint\",\"urlTemplate\":\"https:\/\/helendaily.com\/?s={search_term_string}\"},\"query-input\":{\"@type\":\"PropertyValueSpecification\",\"valueRequired\":true,\"valueName\":\"search_term_string\"}}],\"inLanguage\":\"en-US\"}]}<\/script>\n<!-- \/ Yoast SEO plugin. -->","yoast_head_json":{"title":"Nho Organic Nh\u1eadp Kh\u1ea9u \u00dac | Helen Daily","description":"Nho organic nh\u1eadp kh\u1ea9u \u00dac Helen Daily \u0111\u01b0\u1ee3c tr\u1ed3ng theo ti\u00eau chu\u1ea9n h\u1eefu c\u01a1, kh\u00f4ng h\u00f3a ch\u1ea5t \u0111\u1ed9c h\u1ea1i, v\u1ecb ng\u1ecdt thanh t\u1ef1 nhi\u00ean v\u00e0 gi\u00e0u dinh d\u01b0\u1ee1ng.","robots":{"index":"index","follow":"follow","max-snippet":"max-snippet:-1","max-image-preview":"max-image-preview:large","max-video-preview":"max-video-preview:-1"},"canonical":"https:\/\/helendaily.com\/en\/shop\/nho-organic-nhap-khau-uc\/","og_locale":"en_US","og_type":"article","og_title":"Nho Organic Nh\u1eadp Kh\u1ea9u \u00dac | Helen Daily","og_description":"Nho organic nh\u1eadp kh\u1ea9u \u00dac Helen Daily \u0111\u01b0\u1ee3c tr\u1ed3ng theo ti\u00eau chu\u1ea9n h\u1eefu c\u01a1, kh\u00f4ng h\u00f3a ch\u1ea5t \u0111\u1ed9c h\u1ea1i, v\u1ecb ng\u1ecdt thanh t\u1ef1 nhi\u00ean v\u00e0 gi\u00e0u dinh d\u01b0\u1ee1ng.","og_url":"https:\/\/helendaily.com\/en\/shop\/nho-organic-nhap-khau-uc\/","og_site_name":"Helen Daily","article_publisher":"https:\/\/www.facebook.com\/helenrecipe.vn","article_modified_time":"2026-02-05T04:32:20+00:00","og_image":[{"width":753,"height":1004,"url":"https:\/\/helendaily.com\/wp-content\/uploads\/2026\/01\/compressed_Lonho500ml.webp","type":"image\/webp"}],"twitter_card":"summary_large_image","twitter_misc":{"Est. reading time":"1 minute"},"schema":{"@context":"https:\/\/schema.org","@graph":[{"@type":"WebPage","@id":"https:\/\/helendaily.com\/shop\/nho-organic-nhap-khau-uc\/","url":"https:\/\/helendaily.com\/shop\/nho-organic-nhap-khau-uc\/","name":"Nho Organic Nh\u1eadp Kh\u1ea9u \u00dac | Helen Daily","isPartOf":{"@id":"https:\/\/helendaily.com\/#website"},"primaryImageOfPage":{"@id":"https:\/\/helendaily.com\/shop\/nho-organic-nhap-khau-uc\/#primaryimage"},"image":{"@id":"https:\/\/helendaily.com\/shop\/nho-organic-nhap-khau-uc\/#primaryimage"},"thumbnailUrl":"https:\/\/helendaily.com\/wp-content\/uploads\/2026\/01\/compressed_Lonho500ml.webp","datePublished":"2026-01-30T11:23:45+00:00","dateModified":"2026-02-05T04:32:20+00:00","description":"Nho organic nh\u1eadp kh\u1ea9u \u00dac Helen Daily \u0111\u01b0\u1ee3c tr\u1ed3ng theo ti\u00eau chu\u1ea9n h\u1eefu c\u01a1, kh\u00f4ng h\u00f3a ch\u1ea5t \u0111\u1ed9c h\u1ea1i, v\u1ecb ng\u1ecdt thanh t\u1ef1 nhi\u00ean v\u00e0 gi\u00e0u dinh d\u01b0\u1ee1ng.","breadcrumb":{"@id":"https:\/\/helendaily.com\/shop\/nho-organic-nhap-khau-uc\/#breadcrumb"},"inLanguage":"en-US","potentialAction":[{"@type":"ReadAction","target":["https:\/\/helendaily.com\/shop\/nho-organic-nhap-khau-uc\/"]}]},{"@type":"ImageObject","inLanguage":"en-US","@id":"https:\/\/helendaily.com\/shop\/nho-organic-nhap-khau-uc\/#primaryimage","url":"https:\/\/helendaily.com\/wp-content\/uploads\/2026\/01\/compressed_Lonho500ml.webp","contentUrl":"https:\/\/helendaily.com\/wp-content\/uploads\/2026\/01\/compressed_Lonho500ml.webp","width":753,"height":1004},{"@type":"BreadcrumbList","@id":"https:\/\/helendaily.com\/shop\/nho-organic-nhap-khau-uc\/#breadcrumb","itemListElement":[{"@type":"ListItem","position":1,"name":"Home","item":"https:\/\/helendaily.com\/"},{"@type":"ListItem","position":2,"name":"S\u1ea3n ph\u1ea9m","item":"https:\/\/helendaily.com\/shop\/"},{"@type":"ListItem","position":3,"name":"Nho Organic Nh\u1eadp Kh\u1ea9u \u00dac"}]},{"@type":"WebSite","@id":"https:\/\/helendaily.com\/#website","url":"https:\/\/helendaily.com\/","name":"Helen Daily","description":"","potentialAction":[{"@type":"SearchAction","target":{"@type":"EntryPoint","urlTemplate":"https:\/\/helendaily.com\/?s={search_term_string}"},"query-input":{"@type":"PropertyValueSpecification","valueRequired":true,"valueName":"search_term_string"}}],"inLanguage":"en-US"}]}},"_links":{"self":[{"href":"https:\/\/helendaily.com\/en\/wp-json\/wp\/v2\/product\/8620","targetHints":{"allow":["GET"]}}],"collection":[{"href":"https:\/\/helendaily.com\/en\/wp-json\/wp\/v2\/product"}],"about":[{"href":"https:\/\/helendaily.com\/en\/wp-json\/wp\/v2\/types\/product"}],"wp:featuredmedia":[{"embeddable":true,"href":"https:\/\/helendaily.com\/en\/wp-json\/wp\/v2\/media\/8675"}],"wp:attachment":[{"href":"https:\/\/helendaily.com\/en\/wp-json\/wp\/v2\/media?parent=8620"}],"wp:term":[{"taxonomy":"product_brand","embeddable":true,"href":"https:\/\/helendaily.com\/en\/wp-json\/wp\/v2\/product_brand?post=8620"},{"taxonomy":"product_cat","embeddable":true,"href":"https:\/\/helendaily.com\/en\/wp-json\/wp\/v2\/product_cat?post=8620"},{"taxonomy":"product_tag","embeddable":true,"href":"https:\/\/helendaily.com\/en\/wp-json\/wp\/v2\/product_tag?post=8620"}],"curies":[{"name":"wp","href":"https:\/\/api.w.org\/{rel}","templated":true}]}}