{"id":8622,"date":"2026-01-30T11:23:45","date_gmt":"2026-01-30T11:23:45","guid":{"rendered":"https:\/\/helendaily.com\/?post_type=product&#038;p=8622"},"modified":"2026-02-05T04:30:19","modified_gmt":"2026-02-05T04:30:19","slug":"macca-socola","status":"publish","type":"product","link":"https:\/\/helendaily.com\/en\/shop\/macca-socola\/","title":{"rendered":"Macca CHOCOLATE"},"content":{"rendered":"<p id=\"block-tVrzBWSMcB\" class=\"wp-block-nectar-blocks-text nectar-blocks-text\"><\/p>","protected":false},"excerpt":{"rendered":"<p>Rich, crunchy macadamia nuts coated in smooth chocolate deliver a sweet, luxurious, and energy-boosting flavor experience.<\/p>\n<ul>\n<li>Net weight: 300g<\/li>\n<li>Ingredients: Macadamia nuts, dark chocolate (sugar, vegetable fat, cocoa powder, emulsifiers [E492, E322(i)], artificial flavorings [vanilla, chocolate], glazing agents [E904, E414]).<\/li>\n<li>Shelf life: 12 months<\/li>\n<\/ul>","protected":false},"featured_media":8677,"template":"","meta":{"_nectar_blocks_hide_post_title":false,"_nectar_blocks_transparent_header_effect":false,"_nectar_blocks_transparent_header_effect_color":"light","_nectar_blocks_header_animation":false,"_nectar_blocks_header_animation_delay":0,"_nectar_blocks_header_animation_effect":"fade","_nectar_blocks_page_css":"","_nectar_blocks_page_js":""},"product_brand":[],"product_cat":[40],"product_tag":[],"class_list":{"0":"post-8622","1":"product","2":"type-product","3":"status-publish","4":"has-post-thumbnail","6":"product_cat-hat_qua_say","8":"first","9":"instock","10":"shipping-taxable","11":"purchasable","12":"product-type-simple"},"yoast_head":"<!-- This site is optimized with the Yoast SEO plugin v26.9 - https:\/\/yoast.com\/product\/yoast-seo-wordpress\/ -->\n<title>Macca Socola | Helen Daily<\/title>\n<meta name=\"description\" content=\"Macca socola Helen Daily k\u1ebft h\u1ee3p h\u1ea1t macca b\u00e9o b\u00f9i v\u00e0 l\u1edbp socola m\u1ecbn \u0111\u1eadm v\u1ecb, mang \u0111\u1ebfn tr\u1ea3i nghi\u1ec7m ng\u1ecdt ng\u00e0o v\u00e0 tinh t\u1ebf.\" \/>\n<meta name=\"robots\" content=\"index, follow, max-snippet:-1, max-image-preview:large, max-video-preview:-1\" \/>\n<link rel=\"canonical\" href=\"https:\/\/helendaily.com\/en\/shop\/macca-socola\/\" \/>\n<meta property=\"og:locale\" content=\"en_US\" \/>\n<meta property=\"og:type\" content=\"article\" \/>\n<meta property=\"og:title\" content=\"Macca Socola | Helen Daily\" \/>\n<meta property=\"og:description\" content=\"Macca socola Helen Daily k\u1ebft h\u1ee3p h\u1ea1t macca b\u00e9o b\u00f9i v\u00e0 l\u1edbp socola m\u1ecbn \u0111\u1eadm v\u1ecb, mang \u0111\u1ebfn tr\u1ea3i nghi\u1ec7m ng\u1ecdt ng\u00e0o v\u00e0 tinh t\u1ebf.\" \/>\n<meta property=\"og:url\" content=\"https:\/\/helendaily.com\/en\/shop\/macca-socola\/\" \/>\n<meta property=\"og:site_name\" content=\"Helen Daily\" \/>\n<meta property=\"article:publisher\" content=\"https:\/\/www.facebook.com\/helenrecipe.vn\" \/>\n<meta property=\"article:modified_time\" content=\"2026-02-05T04:30:19+00:00\" \/>\n<meta property=\"og:image\" content=\"https:\/\/helendaily.com\/wp-content\/uploads\/2026\/01\/compressed_MaccaSCL700ml.webp\" \/>\n\t<meta property=\"og:image:width\" content=\"810\" \/>\n\t<meta property=\"og:image:height\" content=\"1080\" \/>\n\t<meta property=\"og:image:type\" content=\"image\/webp\" \/>\n<meta name=\"twitter:card\" content=\"summary_large_image\" \/>\n<meta name=\"twitter:label1\" content=\"Est. reading time\" \/>\n\t<meta name=\"twitter:data1\" content=\"1 minute\" \/>\n<script type=\"application\/ld+json\" class=\"yoast-schema-graph\">{\"@context\":\"https:\/\/schema.org\",\"@graph\":[{\"@type\":\"WebPage\",\"@id\":\"https:\/\/helendaily.com\/shop\/macca-socola\/\",\"url\":\"https:\/\/helendaily.com\/shop\/macca-socola\/\",\"name\":\"Macca Socola | Helen Daily\",\"isPartOf\":{\"@id\":\"https:\/\/helendaily.com\/#website\"},\"primaryImageOfPage\":{\"@id\":\"https:\/\/helendaily.com\/shop\/macca-socola\/#primaryimage\"},\"image\":{\"@id\":\"https:\/\/helendaily.com\/shop\/macca-socola\/#primaryimage\"},\"thumbnailUrl\":\"https:\/\/helendaily.com\/wp-content\/uploads\/2026\/01\/compressed_MaccaSCL700ml.webp\",\"datePublished\":\"2026-01-30T11:23:45+00:00\",\"dateModified\":\"2026-02-05T04:30:19+00:00\",\"description\":\"Macca socola Helen Daily k\u1ebft h\u1ee3p h\u1ea1t macca b\u00e9o b\u00f9i v\u00e0 l\u1edbp socola m\u1ecbn \u0111\u1eadm v\u1ecb, mang \u0111\u1ebfn tr\u1ea3i nghi\u1ec7m ng\u1ecdt ng\u00e0o v\u00e0 tinh t\u1ebf.\",\"breadcrumb\":{\"@id\":\"https:\/\/helendaily.com\/shop\/macca-socola\/#breadcrumb\"},\"inLanguage\":\"en-US\",\"potentialAction\":[{\"@type\":\"ReadAction\",\"target\":[\"https:\/\/helendaily.com\/shop\/macca-socola\/\"]}]},{\"@type\":\"ImageObject\",\"inLanguage\":\"en-US\",\"@id\":\"https:\/\/helendaily.com\/shop\/macca-socola\/#primaryimage\",\"url\":\"https:\/\/helendaily.com\/wp-content\/uploads\/2026\/01\/compressed_MaccaSCL700ml.webp\",\"contentUrl\":\"https:\/\/helendaily.com\/wp-content\/uploads\/2026\/01\/compressed_MaccaSCL700ml.webp\",\"width\":810,\"height\":1080},{\"@type\":\"BreadcrumbList\",\"@id\":\"https:\/\/helendaily.com\/shop\/macca-socola\/#breadcrumb\",\"itemListElement\":[{\"@type\":\"ListItem\",\"position\":1,\"name\":\"Home\",\"item\":\"https:\/\/helendaily.com\/\"},{\"@type\":\"ListItem\",\"position\":2,\"name\":\"S\u1ea3n ph\u1ea9m\",\"item\":\"https:\/\/helendaily.com\/shop\/\"},{\"@type\":\"ListItem\",\"position\":3,\"name\":\"Macca Socola\"}]},{\"@type\":\"WebSite\",\"@id\":\"https:\/\/helendaily.com\/#website\",\"url\":\"https:\/\/helendaily.com\/\",\"name\":\"Helen Daily\",\"description\":\"\",\"potentialAction\":[{\"@type\":\"SearchAction\",\"target\":{\"@type\":\"EntryPoint\",\"urlTemplate\":\"https:\/\/helendaily.com\/?s={search_term_string}\"},\"query-input\":{\"@type\":\"PropertyValueSpecification\",\"valueRequired\":true,\"valueName\":\"search_term_string\"}}],\"inLanguage\":\"en-US\"}]}<\/script>\n<!-- \/ Yoast SEO plugin. -->","yoast_head_json":{"title":"Macca Socola | Helen Daily","description":"Macca socola Helen Daily k\u1ebft h\u1ee3p h\u1ea1t macca b\u00e9o b\u00f9i v\u00e0 l\u1edbp socola m\u1ecbn \u0111\u1eadm v\u1ecb, mang \u0111\u1ebfn tr\u1ea3i nghi\u1ec7m ng\u1ecdt ng\u00e0o v\u00e0 tinh t\u1ebf.","robots":{"index":"index","follow":"follow","max-snippet":"max-snippet:-1","max-image-preview":"max-image-preview:large","max-video-preview":"max-video-preview:-1"},"canonical":"https:\/\/helendaily.com\/en\/shop\/macca-socola\/","og_locale":"en_US","og_type":"article","og_title":"Macca Socola | Helen Daily","og_description":"Macca socola Helen Daily k\u1ebft h\u1ee3p h\u1ea1t macca b\u00e9o b\u00f9i v\u00e0 l\u1edbp socola m\u1ecbn \u0111\u1eadm v\u1ecb, mang \u0111\u1ebfn tr\u1ea3i nghi\u1ec7m ng\u1ecdt ng\u00e0o v\u00e0 tinh t\u1ebf.","og_url":"https:\/\/helendaily.com\/en\/shop\/macca-socola\/","og_site_name":"Helen Daily","article_publisher":"https:\/\/www.facebook.com\/helenrecipe.vn","article_modified_time":"2026-02-05T04:30:19+00:00","og_image":[{"width":810,"height":1080,"url":"https:\/\/helendaily.com\/wp-content\/uploads\/2026\/01\/compressed_MaccaSCL700ml.webp","type":"image\/webp"}],"twitter_card":"summary_large_image","twitter_misc":{"Est. reading time":"1 minute"},"schema":{"@context":"https:\/\/schema.org","@graph":[{"@type":"WebPage","@id":"https:\/\/helendaily.com\/shop\/macca-socola\/","url":"https:\/\/helendaily.com\/shop\/macca-socola\/","name":"Macca Socola | Helen Daily","isPartOf":{"@id":"https:\/\/helendaily.com\/#website"},"primaryImageOfPage":{"@id":"https:\/\/helendaily.com\/shop\/macca-socola\/#primaryimage"},"image":{"@id":"https:\/\/helendaily.com\/shop\/macca-socola\/#primaryimage"},"thumbnailUrl":"https:\/\/helendaily.com\/wp-content\/uploads\/2026\/01\/compressed_MaccaSCL700ml.webp","datePublished":"2026-01-30T11:23:45+00:00","dateModified":"2026-02-05T04:30:19+00:00","description":"Macca socola Helen Daily k\u1ebft h\u1ee3p h\u1ea1t macca b\u00e9o b\u00f9i v\u00e0 l\u1edbp socola m\u1ecbn \u0111\u1eadm v\u1ecb, mang \u0111\u1ebfn tr\u1ea3i nghi\u1ec7m ng\u1ecdt ng\u00e0o v\u00e0 tinh t\u1ebf.","breadcrumb":{"@id":"https:\/\/helendaily.com\/shop\/macca-socola\/#breadcrumb"},"inLanguage":"en-US","potentialAction":[{"@type":"ReadAction","target":["https:\/\/helendaily.com\/shop\/macca-socola\/"]}]},{"@type":"ImageObject","inLanguage":"en-US","@id":"https:\/\/helendaily.com\/shop\/macca-socola\/#primaryimage","url":"https:\/\/helendaily.com\/wp-content\/uploads\/2026\/01\/compressed_MaccaSCL700ml.webp","contentUrl":"https:\/\/helendaily.com\/wp-content\/uploads\/2026\/01\/compressed_MaccaSCL700ml.webp","width":810,"height":1080},{"@type":"BreadcrumbList","@id":"https:\/\/helendaily.com\/shop\/macca-socola\/#breadcrumb","itemListElement":[{"@type":"ListItem","position":1,"name":"Home","item":"https:\/\/helendaily.com\/"},{"@type":"ListItem","position":2,"name":"S\u1ea3n ph\u1ea9m","item":"https:\/\/helendaily.com\/shop\/"},{"@type":"ListItem","position":3,"name":"Macca Socola"}]},{"@type":"WebSite","@id":"https:\/\/helendaily.com\/#website","url":"https:\/\/helendaily.com\/","name":"Helen Daily","description":"","potentialAction":[{"@type":"SearchAction","target":{"@type":"EntryPoint","urlTemplate":"https:\/\/helendaily.com\/?s={search_term_string}"},"query-input":{"@type":"PropertyValueSpecification","valueRequired":true,"valueName":"search_term_string"}}],"inLanguage":"en-US"}]}},"_links":{"self":[{"href":"https:\/\/helendaily.com\/en\/wp-json\/wp\/v2\/product\/8622","targetHints":{"allow":["GET"]}}],"collection":[{"href":"https:\/\/helendaily.com\/en\/wp-json\/wp\/v2\/product"}],"about":[{"href":"https:\/\/helendaily.com\/en\/wp-json\/wp\/v2\/types\/product"}],"wp:featuredmedia":[{"embeddable":true,"href":"https:\/\/helendaily.com\/en\/wp-json\/wp\/v2\/media\/8677"}],"wp:attachment":[{"href":"https:\/\/helendaily.com\/en\/wp-json\/wp\/v2\/media?parent=8622"}],"wp:term":[{"taxonomy":"product_brand","embeddable":true,"href":"https:\/\/helendaily.com\/en\/wp-json\/wp\/v2\/product_brand?post=8622"},{"taxonomy":"product_cat","embeddable":true,"href":"https:\/\/helendaily.com\/en\/wp-json\/wp\/v2\/product_cat?post=8622"},{"taxonomy":"product_tag","embeddable":true,"href":"https:\/\/helendaily.com\/en\/wp-json\/wp\/v2\/product_tag?post=8622"}],"curies":[{"name":"wp","href":"https:\/\/api.w.org\/{rel}","templated":true}]}}