{"id":8625,"date":"2026-01-30T11:23:45","date_gmt":"2026-01-30T11:23:45","guid":{"rendered":"https:\/\/helendaily.com\/?post_type=product&#038;p=8625"},"modified":"2026-02-05T04:23:42","modified_gmt":"2026-02-05T04:23:42","slug":"long-nhan-hat-sen","status":"publish","type":"product","link":"https:\/\/helendaily.com\/en\/shop\/long-nhan-hat-sen\/","title":{"rendered":"Longan Lotus Seed"},"content":{"rendered":"","protected":false},"excerpt":{"rendered":"<p>A refined blend of tender, naturally sweet dried longan and creamy white lotus seeds. More than a premium delicacy, this creation is also a treasured traditional remedy \u2014 helping to calm the mind, promote restful sleep, and nourish overall well-being.<\/p>\n<ul>\n<li>Net weight: 200g<\/li>\n<li>Ingredients: Dried longan (55%), white lotus seeds (45%)<\/li>\n<li>Shelf life: 6 months<\/li>\n<\/ul>","protected":false},"featured_media":8680,"template":"","meta":{"_nectar_blocks_hide_post_title":false,"_nectar_blocks_transparent_header_effect":false,"_nectar_blocks_transparent_header_effect_color":"light","_nectar_blocks_header_animation":false,"_nectar_blocks_header_animation_delay":0,"_nectar_blocks_header_animation_effect":"fade","_nectar_blocks_page_css":"","_nectar_blocks_page_js":""},"product_brand":[],"product_cat":[40],"product_tag":[],"class_list":{"0":"post-8625","1":"product","2":"type-product","3":"status-publish","4":"has-post-thumbnail","6":"product_cat-hat_qua_say","8":"first","9":"instock","10":"shipping-taxable","11":"purchasable","12":"product-type-simple"},"yoast_head":"<!-- This site is optimized with the Yoast SEO plugin v26.9 - https:\/\/yoast.com\/product\/yoast-seo-wordpress\/ -->\n<title>Long Nh\u00e3n H\u1ea1t Sen | Helen Recipe<\/title>\n<meta name=\"description\" content=\"Long nh\u00e3n h\u1ea1t sen Helen Recipe k\u1ebft h\u1ee3p v\u1ecb ng\u1ecdt thanh c\u1ee7a long nh\u00e3n v\u00e0 h\u1ea1t sen b\u00f9i b\u00e9o, nguy\u00ean li\u1ec7u ch\u1ecdn l\u1ecdc, th\u00edch h\u1ee3p cho m\u00f3n tr\u00e1ng mi\u1ec7ng v\u00e0 b\u1ed3i b\u1ed5.\" \/>\n<meta name=\"robots\" content=\"index, follow, max-snippet:-1, max-image-preview:large, max-video-preview:-1\" \/>\n<link rel=\"canonical\" href=\"https:\/\/helendaily.com\/en\/shop\/long-nhan-hat-sen\/\" \/>\n<meta property=\"og:locale\" content=\"en_US\" \/>\n<meta property=\"og:type\" content=\"article\" \/>\n<meta property=\"og:title\" content=\"Long Nh\u00e3n H\u1ea1t Sen | Helen Recipe\" \/>\n<meta property=\"og:description\" content=\"Long nh\u00e3n h\u1ea1t sen Helen Recipe k\u1ebft h\u1ee3p v\u1ecb ng\u1ecdt thanh c\u1ee7a long nh\u00e3n v\u00e0 h\u1ea1t sen b\u00f9i b\u00e9o, nguy\u00ean li\u1ec7u ch\u1ecdn l\u1ecdc, th\u00edch h\u1ee3p cho m\u00f3n tr\u00e1ng mi\u1ec7ng v\u00e0 b\u1ed3i b\u1ed5.\" \/>\n<meta property=\"og:url\" content=\"https:\/\/helendaily.com\/en\/shop\/long-nhan-hat-sen\/\" \/>\n<meta property=\"og:site_name\" content=\"Helen Daily\" \/>\n<meta property=\"article:publisher\" content=\"https:\/\/www.facebook.com\/helenrecipe.vn\" \/>\n<meta property=\"article:modified_time\" content=\"2026-02-05T04:23:42+00:00\" \/>\n<meta property=\"og:image\" content=\"https:\/\/helendaily.com\/wp-content\/uploads\/2026\/01\/compressed_Lolongnhan500ml.webp\" \/>\n\t<meta property=\"og:image:width\" content=\"753\" \/>\n\t<meta property=\"og:image:height\" content=\"1004\" \/>\n\t<meta property=\"og:image:type\" content=\"image\/webp\" \/>\n<meta name=\"twitter:card\" content=\"summary_large_image\" \/>\n<meta name=\"twitter:label1\" content=\"Est. reading time\" \/>\n\t<meta name=\"twitter:data1\" content=\"1 minute\" \/>\n<script type=\"application\/ld+json\" class=\"yoast-schema-graph\">{\"@context\":\"https:\/\/schema.org\",\"@graph\":[{\"@type\":\"WebPage\",\"@id\":\"https:\/\/helendaily.com\/shop\/long-nhan-hat-sen\/\",\"url\":\"https:\/\/helendaily.com\/shop\/long-nhan-hat-sen\/\",\"name\":\"Long Nh\u00e3n H\u1ea1t Sen | Helen Recipe\",\"isPartOf\":{\"@id\":\"https:\/\/helendaily.com\/#website\"},\"primaryImageOfPage\":{\"@id\":\"https:\/\/helendaily.com\/shop\/long-nhan-hat-sen\/#primaryimage\"},\"image\":{\"@id\":\"https:\/\/helendaily.com\/shop\/long-nhan-hat-sen\/#primaryimage\"},\"thumbnailUrl\":\"https:\/\/helendaily.com\/wp-content\/uploads\/2026\/01\/compressed_Lolongnhan500ml.webp\",\"datePublished\":\"2026-01-30T11:23:45+00:00\",\"dateModified\":\"2026-02-05T04:23:42+00:00\",\"description\":\"Long nh\u00e3n h\u1ea1t sen Helen Recipe k\u1ebft h\u1ee3p v\u1ecb ng\u1ecdt thanh c\u1ee7a long nh\u00e3n v\u00e0 h\u1ea1t sen b\u00f9i b\u00e9o, nguy\u00ean li\u1ec7u ch\u1ecdn l\u1ecdc, th\u00edch h\u1ee3p cho m\u00f3n tr\u00e1ng mi\u1ec7ng v\u00e0 b\u1ed3i b\u1ed5.\",\"breadcrumb\":{\"@id\":\"https:\/\/helendaily.com\/shop\/long-nhan-hat-sen\/#breadcrumb\"},\"inLanguage\":\"en-US\",\"potentialAction\":[{\"@type\":\"ReadAction\",\"target\":[\"https:\/\/helendaily.com\/shop\/long-nhan-hat-sen\/\"]}]},{\"@type\":\"ImageObject\",\"inLanguage\":\"en-US\",\"@id\":\"https:\/\/helendaily.com\/shop\/long-nhan-hat-sen\/#primaryimage\",\"url\":\"https:\/\/helendaily.com\/wp-content\/uploads\/2026\/01\/compressed_Lolongnhan500ml.webp\",\"contentUrl\":\"https:\/\/helendaily.com\/wp-content\/uploads\/2026\/01\/compressed_Lolongnhan500ml.webp\",\"width\":753,\"height\":1004},{\"@type\":\"BreadcrumbList\",\"@id\":\"https:\/\/helendaily.com\/shop\/long-nhan-hat-sen\/#breadcrumb\",\"itemListElement\":[{\"@type\":\"ListItem\",\"position\":1,\"name\":\"Home\",\"item\":\"https:\/\/helendaily.com\/\"},{\"@type\":\"ListItem\",\"position\":2,\"name\":\"S\u1ea3n ph\u1ea9m\",\"item\":\"https:\/\/helendaily.com\/shop\/\"},{\"@type\":\"ListItem\",\"position\":3,\"name\":\"Long nh\u00e3n h\u1ea1t sen\"}]},{\"@type\":\"WebSite\",\"@id\":\"https:\/\/helendaily.com\/#website\",\"url\":\"https:\/\/helendaily.com\/\",\"name\":\"Helen Daily\",\"description\":\"\",\"potentialAction\":[{\"@type\":\"SearchAction\",\"target\":{\"@type\":\"EntryPoint\",\"urlTemplate\":\"https:\/\/helendaily.com\/?s={search_term_string}\"},\"query-input\":{\"@type\":\"PropertyValueSpecification\",\"valueRequired\":true,\"valueName\":\"search_term_string\"}}],\"inLanguage\":\"en-US\"}]}<\/script>\n<!-- \/ Yoast SEO plugin. -->","yoast_head_json":{"title":"Long Nh\u00e3n H\u1ea1t Sen | Helen Recipe","description":"Long nh\u00e3n h\u1ea1t sen Helen Recipe k\u1ebft h\u1ee3p v\u1ecb ng\u1ecdt thanh c\u1ee7a long nh\u00e3n v\u00e0 h\u1ea1t sen b\u00f9i b\u00e9o, nguy\u00ean li\u1ec7u ch\u1ecdn l\u1ecdc, th\u00edch h\u1ee3p cho m\u00f3n tr\u00e1ng mi\u1ec7ng v\u00e0 b\u1ed3i b\u1ed5.","robots":{"index":"index","follow":"follow","max-snippet":"max-snippet:-1","max-image-preview":"max-image-preview:large","max-video-preview":"max-video-preview:-1"},"canonical":"https:\/\/helendaily.com\/en\/shop\/long-nhan-hat-sen\/","og_locale":"en_US","og_type":"article","og_title":"Long Nh\u00e3n H\u1ea1t Sen | Helen Recipe","og_description":"Long nh\u00e3n h\u1ea1t sen Helen Recipe k\u1ebft h\u1ee3p v\u1ecb ng\u1ecdt thanh c\u1ee7a long nh\u00e3n v\u00e0 h\u1ea1t sen b\u00f9i b\u00e9o, nguy\u00ean li\u1ec7u ch\u1ecdn l\u1ecdc, th\u00edch h\u1ee3p cho m\u00f3n tr\u00e1ng mi\u1ec7ng v\u00e0 b\u1ed3i b\u1ed5.","og_url":"https:\/\/helendaily.com\/en\/shop\/long-nhan-hat-sen\/","og_site_name":"Helen Daily","article_publisher":"https:\/\/www.facebook.com\/helenrecipe.vn","article_modified_time":"2026-02-05T04:23:42+00:00","og_image":[{"width":753,"height":1004,"url":"https:\/\/helendaily.com\/wp-content\/uploads\/2026\/01\/compressed_Lolongnhan500ml.webp","type":"image\/webp"}],"twitter_card":"summary_large_image","twitter_misc":{"Est. reading time":"1 minute"},"schema":{"@context":"https:\/\/schema.org","@graph":[{"@type":"WebPage","@id":"https:\/\/helendaily.com\/shop\/long-nhan-hat-sen\/","url":"https:\/\/helendaily.com\/shop\/long-nhan-hat-sen\/","name":"Long Nh\u00e3n H\u1ea1t Sen | Helen Recipe","isPartOf":{"@id":"https:\/\/helendaily.com\/#website"},"primaryImageOfPage":{"@id":"https:\/\/helendaily.com\/shop\/long-nhan-hat-sen\/#primaryimage"},"image":{"@id":"https:\/\/helendaily.com\/shop\/long-nhan-hat-sen\/#primaryimage"},"thumbnailUrl":"https:\/\/helendaily.com\/wp-content\/uploads\/2026\/01\/compressed_Lolongnhan500ml.webp","datePublished":"2026-01-30T11:23:45+00:00","dateModified":"2026-02-05T04:23:42+00:00","description":"Long nh\u00e3n h\u1ea1t sen Helen Recipe k\u1ebft h\u1ee3p v\u1ecb ng\u1ecdt thanh c\u1ee7a long nh\u00e3n v\u00e0 h\u1ea1t sen b\u00f9i b\u00e9o, nguy\u00ean li\u1ec7u ch\u1ecdn l\u1ecdc, th\u00edch h\u1ee3p cho m\u00f3n tr\u00e1ng mi\u1ec7ng v\u00e0 b\u1ed3i b\u1ed5.","breadcrumb":{"@id":"https:\/\/helendaily.com\/shop\/long-nhan-hat-sen\/#breadcrumb"},"inLanguage":"en-US","potentialAction":[{"@type":"ReadAction","target":["https:\/\/helendaily.com\/shop\/long-nhan-hat-sen\/"]}]},{"@type":"ImageObject","inLanguage":"en-US","@id":"https:\/\/helendaily.com\/shop\/long-nhan-hat-sen\/#primaryimage","url":"https:\/\/helendaily.com\/wp-content\/uploads\/2026\/01\/compressed_Lolongnhan500ml.webp","contentUrl":"https:\/\/helendaily.com\/wp-content\/uploads\/2026\/01\/compressed_Lolongnhan500ml.webp","width":753,"height":1004},{"@type":"BreadcrumbList","@id":"https:\/\/helendaily.com\/shop\/long-nhan-hat-sen\/#breadcrumb","itemListElement":[{"@type":"ListItem","position":1,"name":"Home","item":"https:\/\/helendaily.com\/"},{"@type":"ListItem","position":2,"name":"S\u1ea3n ph\u1ea9m","item":"https:\/\/helendaily.com\/shop\/"},{"@type":"ListItem","position":3,"name":"Long nh\u00e3n h\u1ea1t sen"}]},{"@type":"WebSite","@id":"https:\/\/helendaily.com\/#website","url":"https:\/\/helendaily.com\/","name":"Helen Daily","description":"","potentialAction":[{"@type":"SearchAction","target":{"@type":"EntryPoint","urlTemplate":"https:\/\/helendaily.com\/?s={search_term_string}"},"query-input":{"@type":"PropertyValueSpecification","valueRequired":true,"valueName":"search_term_string"}}],"inLanguage":"en-US"}]}},"_links":{"self":[{"href":"https:\/\/helendaily.com\/en\/wp-json\/wp\/v2\/product\/8625","targetHints":{"allow":["GET"]}}],"collection":[{"href":"https:\/\/helendaily.com\/en\/wp-json\/wp\/v2\/product"}],"about":[{"href":"https:\/\/helendaily.com\/en\/wp-json\/wp\/v2\/types\/product"}],"wp:featuredmedia":[{"embeddable":true,"href":"https:\/\/helendaily.com\/en\/wp-json\/wp\/v2\/media\/8680"}],"wp:attachment":[{"href":"https:\/\/helendaily.com\/en\/wp-json\/wp\/v2\/media?parent=8625"}],"wp:term":[{"taxonomy":"product_brand","embeddable":true,"href":"https:\/\/helendaily.com\/en\/wp-json\/wp\/v2\/product_brand?post=8625"},{"taxonomy":"product_cat","embeddable":true,"href":"https:\/\/helendaily.com\/en\/wp-json\/wp\/v2\/product_cat?post=8625"},{"taxonomy":"product_tag","embeddable":true,"href":"https:\/\/helendaily.com\/en\/wp-json\/wp\/v2\/product_tag?post=8625"}],"curies":[{"name":"wp","href":"https:\/\/api.w.org\/{rel}","templated":true}]}}